{"id":760,"date":"2019-02-03T16:05:51","date_gmt":"2019-02-03T15:05:51","guid":{"rendered":"https:\/\/completa-hausverwaltung.de\/?page_id=760"},"modified":"2020-07-02T14:12:35","modified_gmt":"2020-07-02T12:12:35","slug":"praktikumsplaetze","status":"publish","type":"page","link":"https:\/\/completa-hausverwaltung.de\/index.php\/praktikumsplaetze\/","title":{"rendered":"Praktikumspl\u00e4tze"},"content":{"rendered":"\n[et_pb_section fb_built=&#8220;1&#8243; fullwidth=&#8220;on&#8220; admin_label=&#8220;Hero Section&#8220; _builder_version=&#8220;3.22.3&#8243;][et_pb_fullwidth_header title=&#8220;Karriere&#8220; subhead=&#8220;Dein Praktikum bei Completa&#8220; background_overlay_color=&#8220;rgba(0,0,0,0.8)&#8220; content_max_width=&#8220;550px&#8220; _builder_version=&#8220;3.19.11&#8243; title_font=&#8220;Open Sans|700||on|||||&#8220; title_text_color=&#8220;#2da8ef&#8220; title_font_size=&#8220;14px&#8220; title_letter_spacing=&#8220;2px&#8220; title_line_height=&#8220;1.4em&#8220; content_font=&#8220;Open Sans||||||||&#8220; content_font_size=&#8220;16px&#8220; content_letter_spacing=&#8220;1px&#8220; content_line_height=&#8220;2em&#8220; subhead_font=&#8220;Open Sans|700||on|||||&#8220; subhead_font_size=&#8220;48px&#8220; subhead_letter_spacing=&#8220;3px&#8220; subhead_line_height=&#8220;1.4em&#8220; background_color=&#8220;#ffffff&#8220; background_image=&#8220;https:\/\/completa-hausverwaltung.de\/wp-content\/uploads\/2019\/02\/4.jpg&#8220; custom_button_one=&#8220;on&#8220; button_one_border_width=&#8220;1px&#8220; button_one_border_color=&#8220;rgba(255,255,255,0.3)&#8220; button_one_border_radius=&#8220;0px&#8220; button_one_letter_spacing=&#8220;1px&#8220; button_one_font=&#8220;Saira Extra Condensed|600||on|||||&#8220; button_one_icon=&#8220;%%3%%&#8220; button_one_icon_color=&#8220;#edbb5f&#8220; custom_button_two=&#8220;on&#8220; button_two_border_width=&#8220;1px&#8220; button_two_border_color=&#8220;rgba(255,255,255,0.3)&#8220; button_two_border_radius=&#8220;0px&#8220; button_two_letter_spacing=&#8220;1px&#8220; button_two_font=&#8220;Saira Extra Condensed|600||on|||||&#8220; button_two_icon=&#8220;%%3%%&#8220; button_two_icon_color=&#8220;#edbb5f&#8220; module_alignment=&#8220;right&#8220; custom_margin=&#8220;|||&#8220; custom_padding=&#8220;8%||8%|&#8220; button_one_text_color_hover=&#8220;#edbb5f&#8220; button_two_text_color_hover=&#8220;#edbb5f&#8220; button_one_bg_color_hover=&#8220;rgba(0,0,0,0)&#8220; button_two_bg_color_hover=&#8220;rgba(0,0,0,0)&#8220; button_one_text_size__hover_enabled=&#8220;off&#8220; button_two_text_size__hover_enabled=&#8220;off&#8220; button_one_text_color__hover_enabled=&#8220;on&#8220; button_one_text_color__hover=&#8220;#edbb5f&#8220; button_two_text_color__hover_enabled=&#8220;on&#8220; button_two_text_color__hover=&#8220;#edbb5f&#8220; button_one_border_width__hover_enabled=&#8220;off&#8220; button_two_border_width__hover_enabled=&#8220;off&#8220; button_one_border_color__hover_enabled=&#8220;off&#8220; button_two_border_color__hover_enabled=&#8220;off&#8220; button_one_border_radius__hover_enabled=&#8220;off&#8220; button_two_border_radius__hover_enabled=&#8220;off&#8220; button_one_letter_spacing__hover_enabled=&#8220;off&#8220; button_two_letter_spacing__hover_enabled=&#8220;off&#8220; button_one_bg_color__hover_enabled=&#8220;on&#8220; button_one_bg_color__hover=&#8220;rgba(0,0,0,0)&#8220; button_two_bg_color__hover_enabled=&#8220;on&#8220; button_two_bg_color__hover=&#8220;rgba(0,0,0,0)&#8220;]<p>&nbsp;<\/p>\n<blockquote>\n<p><em>Praktische Erfahrungen durch interessante und eigenverantwortliche Aufgaben<\/em><\/p>\n<\/blockquote>[\/et_pb_fullwidth_header][\/et_pb_section][et_pb_section fb_built=&#8220;1&#8243; _builder_version=&#8220;3.22.3&#8243;][et_pb_row _builder_version=&#8220;3.25&#8243;][et_pb_column type=&#8220;4_4&#8243; _builder_version=&#8220;3.25&#8243; custom_padding=&#8220;|||&#8220; custom_padding__hover=&#8220;|||&#8220;][et_pb_text _builder_version=&#8220;3.23.3&#8243;]<h1 style=\"text-align: left;\">Was Dich bei uns erwartet<\/h1>\n<p>&nbsp;<\/p>\n<p style=\"text-align: left;\">Du willst direkte Einblicke in ein wachsendes Unternehmen in der Immobilienbranche bekommen? Du zeigst gro\u00dfes Interesse an der Grundst\u00fccks- und Wohnungswirtschaft oder im B\u00fcromanagement? Dann lerne unser Unternehmen w\u00e4hrend eines Praktikums n\u00e4her kennen und sammle wertvolle Branchenerfahrung, die dich weiterbringt.<\/p>\n<blockquote>\n<p style=\"text-align: left;\"><em>Erfahrungen sammelst Du bei uns in jeder Hinsicht.<br \/> <\/em><\/p>\n<\/blockquote>[\/et_pb_text][\/et_pb_column][\/et_pb_row][et_pb_row _builder_version=&#8220;3.25&#8243; animation_style=&#8220;slide&#8220; animation_direction=&#8220;right&#8220; column_structure=&#8220;1_2,1_2&#8243;][et_pb_column type=&#8220;1_2&#8243; _builder_version=&#8220;3.25&#8243; custom_padding=&#8220;|||&#8220; custom_padding__hover=&#8220;|||&#8220;][et_pb_text _builder_version=&#8220;3.18.4&#8243;]<h3><strong>Dein Praktikumsplatz bei uns (m\/w\/d)<\/strong><\/h3>[\/et_pb_text][et_pb_text _builder_version=&#8220;3.18.4&#8243;]<h4><span>Dein Profil<\/span><\/h4>\n<ul>\n<li><span>MS-Office Kenntnisse <\/span><\/li>\n<li><span>Einf\u00fchlverm\u00f6gen <\/span><\/li>\n<li><span>Logik und Verst\u00e4ndnis<br \/><\/span><\/li>\n<li><span>Arbeitsbereitschaft<\/span><span><\/span><\/li>\n<li><span>Freude am Kontakt mit Kunden<br \/><\/span><span><\/span><\/li>\n<\/ul>[\/et_pb_text][et_pb_text _builder_version=&#8220;3.18.4&#8243;]<h4><span>Wir bieten Dir<\/span><\/h4>\n<ul>\n<li><span>Ein motivierendes Umfeld<br \/><\/span><\/li>\n<li><span>Interessante Aufgaben in Deinem Interessenbereich<br \/><\/span><\/li>\n<li><span>Zahlreiche M\u00f6glichkeiten zur Vernetzung<br \/><\/span><\/li>\n<li><span>Zuk\u00fcnftige Weiterbildungs- und Entwicklungsm\u00f6glichkeiten<br \/><\/span><\/li>\n<\/ul>[\/et_pb_text][et_pb_text _builder_version=&#8220;3.19.11&#8243;]<blockquote>\n<p><em>Haben wir Dein Interesse geweckt? Dann ruf uns an und sende uns nach telefonischer R\u00fccksprache Deine Bewerbungsmappe zu.<strong><br \/><\/strong><\/em><\/p>\n<\/blockquote>[\/et_pb_text][\/et_pb_column][et_pb_column type=&#8220;1_2&#8243; _builder_version=&#8220;3.25&#8243; custom_padding=&#8220;|||&#8220; custom_padding__hover=&#8220;|||&#8220;][et_pb_image src=&#8220;https:\/\/completa-hausverwaltung.de\/wp-content\/uploads\/2019\/02\/shutterstock_478732987.jpg&#8220; align_tablet=&#8220;center&#8220; align_last_edited=&#8220;on|desktop&#8220; _builder_version=&#8220;3.23&#8243;][\/et_pb_image][\/et_pb_column][\/et_pb_row][\/et_pb_section][et_pb_section fb_built=&#8220;1&#8243; _builder_version=&#8220;3.23.3&#8243; use_background_color_gradient=&#8220;on&#8220; background_color_gradient_start=&#8220;#aaaaaa&#8220; background_color_gradient_end=&#8220;#ffffff&#8220; global_module=&#8220;2026&#8243;][et_pb_row column_structure=&#8220;1_2,1_2&#8243; _builder_version=&#8220;3.25&#8243;][et_pb_column type=&#8220;1_2&#8243; _builder_version=&#8220;3.0.47&#8243; custom_padding=&#8220;|||&#8220; custom_padding__hover=&#8220;|||&#8220;][et_pb_image src=&#8220;https:\/\/completa-hausverwaltung.de\/wp-content\/uploads\/2019\/02\/shutterstock_594829253.jpg&#8220; align_tablet=&#8220;center&#8220; align_last_edited=&#8220;on|desktop&#8220; _builder_version=&#8220;3.23&#8243;][\/et_pb_image][\/et_pb_column][et_pb_column type=&#8220;1_2&#8243; _builder_version=&#8220;3.0.47&#8243; custom_padding=&#8220;|||&#8220; custom_padding__hover=&#8220;|||&#8220;][et_pb_text _builder_version=&#8220;3.23.3&#8243;]<h2>Wir beantworten Ihre Fragen<\/h2>\n<p>Sie haben Fachfragen und w\u00fcrden diese gerne beantwortet haben? Dann schreiben Sie uns jetzt eine Nachricht! Einer unserer Experten k\u00fcmmert sich umgehend um Ihr Anliegen.<\/p>[\/et_pb_text][et_pb_contact_form email=&#8220;info@completa-hausverwaltung.de&#8220; custom_message=&#8220;Neue Anfrage \u00fcber completa-hausverwaltung.de!||et_pb_line_break_holder||||et_pb_line_break_holder||Kontaktdaten:||et_pb_line_break_holder||||et_pb_line_break_holder||Anrede:||et_pb_line_break_holder||Herr\/Frau %%tel-name%%||et_pb_line_break_holder||||et_pb_line_break_holder||E-Mail-Adresse:||et_pb_line_break_holder||%%tel-email%%||et_pb_line_break_holder||||et_pb_line_break_holder||Betreff:||et_pb_line_break_holder||%%tel-betreff%%||et_pb_line_break_holder||||et_pb_line_break_holder||Nachricht:||et_pb_line_break_holder||%%tel-nachricht%%||et_pb_line_break_holder||||et_pb_line_break_holder||Diese Nachricht wurde von einem Kontaktformular auf completa-hausverwaltung.de generiert.&#8220; success_message=&#8220;Vielen Dank! Wir melden uns schnellstm\u00f6glich bei Ihnen zur\u00fcck!&#8220; submit_button_text=&#8220;R\u00fcckruf vereinbaren&#8220; module_class=&#8220;message-us-form&#8220; _builder_version=&#8220;3.25.3&#8243; form_field_background_color=&#8220;#ffffff&#8220; custom_button=&#8220;on&#8220; button_text_color=&#8220;#ffffff&#8220; button_bg_color=&#8220;#2da8ef&#8220; button_border_color=&#8220;#2da8ef&#8220; button_border_radius=&#8220;0px&#8220; button_icon_color=&#8220;#ffffff&#8220; button_custom_margin=&#8220;16px||&#8220; z_index_tablet=&#8220;500&#8243; title_text_shadow_horizontal_length_tablet=&#8220;0px&#8220; title_text_shadow_vertical_length_tablet=&#8220;0px&#8220; title_text_shadow_blur_strength_tablet=&#8220;1px&#8220; captcha_text_shadow_horizontal_length_tablet=&#8220;0px&#8220; captcha_text_shadow_vertical_length_tablet=&#8220;0px&#8220; captcha_text_shadow_blur_strength_tablet=&#8220;1px&#8220; form_field_text_shadow_horizontal_length_tablet=&#8220;0px&#8220; form_field_text_shadow_vertical_length_tablet=&#8220;0px&#8220; form_field_text_shadow_blur_strength_tablet=&#8220;1px&#8220; button_text_shadow_horizontal_length_tablet=&#8220;0px&#8220; button_text_shadow_vertical_length_tablet=&#8220;0px&#8220; button_text_shadow_blur_strength_tablet=&#8220;1px&#8220; box_shadow_horizontal_tablet=&#8220;0px&#8220; box_shadow_vertical_tablet=&#8220;0px&#8220; box_shadow_blur_tablet=&#8220;40px&#8220; box_shadow_spread_tablet=&#8220;0px&#8220; box_shadow_horizontal_button_tablet=&#8220;0px&#8220; box_shadow_vertical_button_tablet=&#8220;0px&#8220; box_shadow_blur_button_tablet=&#8220;40px&#8220; box_shadow_spread_button_tablet=&#8220;0px&#8220; text_shadow_horizontal_length_tablet=&#8220;0px&#8220; text_shadow_vertical_length_tablet=&#8220;0px&#8220; text_shadow_blur_strength_tablet=&#8220;1px&#8220; form_background_color=&#8220;#ffffff&#8220; button_text_color__hover_enabled=&#8220;on&#8220; box_shadow_color_button__hover_enabled=&#8220;on&#8220; button_text_color__hover=&#8220;#ffffff&#8220;][et_pb_contact_field field_id=&#8220;tel-name&#8220; field_title=&#8220;Name&#8220; allowed_symbols=&#8220;letters&#8220; fullwidth_field=&#8220;on&#8220; _builder_version=&#8220;3.25.3&#8243; form_field_background_color=&#8220;#ffffff&#8220; form_field_font=&#8220;||||||||&#8220; field_background_color=&#8220;#ffffff&#8220;][\/et_pb_contact_field][et_pb_contact_field field_id=&#8220;tel-email&#8220; field_title=&#8220;E-Mail-Adresse&#8220; field_type=&#8220;email&#8220; fullwidth_field=&#8220;on&#8220; _builder_version=&#8220;3.25.3&#8243; form_field_text_shadow_horizontal_length_tablet=&#8220;0px&#8220; form_field_text_shadow_horizontal_length_phone=&#8220;0px&#8220; form_field_text_shadow_vertical_length_tablet=&#8220;0px&#8220; form_field_text_shadow_vertical_length_phone=&#8220;0px&#8220; form_field_text_shadow_blur_strength_tablet=&#8220;1px&#8220; form_field_text_shadow_blur_strength_phone=&#8220;1px&#8220; background_color_gradient_direction_tablet=&#8220;180deg&#8220; background_color_gradient_direction_phone=&#8220;180deg&#8220; background_color_gradient_start_position_tablet=&#8220;0%&#8220; background_color_gradient_start_position_phone=&#8220;0%&#8220; background_color_gradient_end_position_tablet=&#8220;100%&#8220; background_color_gradient_end_position_phone=&#8220;100%&#8220; box_shadow_horizontal_tablet=&#8220;0px&#8220; box_shadow_horizontal_phone=&#8220;0px&#8220; box_shadow_vertical_tablet=&#8220;0px&#8220; box_shadow_vertical_phone=&#8220;0px&#8220; box_shadow_blur_tablet=&#8220;40px&#8220; box_shadow_blur_phone=&#8220;40px&#8220; box_shadow_spread_tablet=&#8220;0px&#8220; box_shadow_spread_phone=&#8220;0px&#8220; hover_transition_duration_tablet=&#8220;300ms&#8220; hover_transition_duration_phone=&#8220;300ms&#8220; hover_transition_delay_tablet=&#8220;0ms&#8220; hover_transition_delay_phone=&#8220;0ms&#8220;][\/et_pb_contact_field][et_pb_contact_field field_id=&#8220;tel-betreff&#8220; field_title=&#8220;Betreff&#8220; fullwidth_field=&#8220;on&#8220; _builder_version=&#8220;3.25.3&#8243;][\/et_pb_contact_field][et_pb_contact_field field_id=&#8220;tel-nachricht&#8220; field_title=&#8220;Nachricht&#8220; field_type=&#8220;text&#8220; fullwidth_field=&#8220;on&#8220; _builder_version=&#8220;3.25.3&#8243;][\/et_pb_contact_field][et_pb_contact_field field_id=&#8220;tel-datenschutz&#8220; field_title=&#8220;Datenschutzerkl\u00e4rung:&#8220; field_type=&#8220;checkbox&#8220; checkbox_options=&#8220;%91{%22value%22:%22Datenschutzerkl\u00e4rung gelesen und akzeptiert%22,%22checked%22:0,%22dragID%22:-1,%22link_url%22:%22https:\/\/klick-boost.de\/completa-immobilien\/index.php\/rechtliches\/datenschutzerklaerung\/%22,%22link_text%22:%22%22}%93&#8243; fullwidth_field=&#8220;on&#8220; _builder_version=&#8220;3.25.3&#8243;][\/et_pb_contact_field][et_pb_contact_field field_id=&#8220;tel-datenschutzhinweis&#8220; field_title=&#8220;Datenschutzhinweis:&#8220; field_type=&#8220;checkbox&#8220; checkbox_options=&#8220;%91{%22value%22:%22Mit dem vorstehenden Kontaktformular k\u00f6nnen Sie an uns eine Anfrage richten. Die von Ihnen eingegebenen Daten werden \u00fcber unseren Providerserver per E-Mail an uns weitergeleitet und k\u00f6nnen nach erfolgloser Abwicklung auf Wunsch gel\u00f6scht werden, sofern keine gesetzlichen Aufbewahrungspflichten dem entgegenstehen. Eine Nutzung zu einem anderen Zweck als der von Ihnen bestimmte oder eine Datenweitergabe an Dritte findet nicht statt.%22,%22checked%22:0,%22dragID%22:-1}%93&#8243; required_mark=&#8220;off&#8220; fullwidth_field=&#8220;on&#8220; _builder_version=&#8220;3.25.3&#8243;][\/et_pb_contact_field][\/et_pb_contact_form][\/et_pb_column][\/et_pb_row][\/et_pb_section][et_pb_section fb_built=&#8220;1&#8243; _builder_version=&#8220;3.22.3&#8243; saved_tabs=&#8220;all&#8220; global_module=&#8220;2120&#8243;][et_pb_row column_structure=&#8220;1_4,1_4,1_4,1_4&#8243; _builder_version=&#8220;3.25&#8243;][et_pb_column type=&#8220;1_4&#8243; _builder_version=&#8220;3.25&#8243; custom_padding=&#8220;|||&#8220; custom_padding__hover=&#8220;|||&#8220;][et_pb_text _builder_version=&#8220;3.19.11&#8243; text_font=&#8220;||||||||&#8220; text_text_color=&#8220;#2da8ef&#8220; border_color_all=&#8220;#0dbde0&#8243; border_width_bottom=&#8220;2px&#8220; border_color_bottom=&#8220;#2da8ef&#8220;]<h2>Hier finden Sie uns<\/h2>\n<p>&nbsp;<\/p>[\/et_pb_text][et_pb_text _builder_version=&#8220;3.25.3&#8243; text_font=&#8220;||||||||&#8220; header_font=&#8220;||||||||&#8220; header_3_font=&#8220;||||||||&#8220; header_3_text_align=&#8220;left&#8220; header_3_font_size=&#8220;25px&#8220; custom_padding=&#8220;|||&#8220; custom_css_before=&#8220;border-bottom: 1px solid orange;&#8220;]<p><strong>Adresse<br \/> <\/strong>Karl-Marx-Str. 133a<br \/>12529 Sch\u00f6nefeld OT Gro\u00dfziethen<\/p>\n<p><strong>\u00d6ffnungszeiten<br \/> <\/strong>Montag bis Freitag: 9-18 Uhr<\/p>\n<div class=\"col-md-4 col-lg-4\">\n<aside id=\"text-2\" class=\"cols-4 widget-column-1 widget_text footercont\">\n<div class=\"textwidget\">\n<p>Samstag, Sonntag und au\u00dferhalb der Gesch\u00e4ftszeiten nur nach Vereinbarung<\/p>\n<\/div>\n<\/aside>\n<\/div>[\/et_pb_text][\/et_pb_column][et_pb_column type=&#8220;1_4&#8243; _builder_version=&#8220;3.25&#8243; custom_padding=&#8220;|||&#8220; custom_padding__hover=&#8220;|||&#8220;][et_pb_text _builder_version=&#8220;3.19.11&#8243; text_font=&#8220;||||||||&#8220; text_text_color=&#8220;#2da8ef&#8220; border_color_all=&#8220;#0dbde0&#8243; border_width_bottom=&#8220;2px&#8220; border_color_bottom=&#8220;#2da8ef&#8220;]<h2>Kontakt | E-Mail<\/h2>\n<p>&nbsp;<\/p>[\/et_pb_text][et_pb_text _builder_version=&#8220;3.19.11&#8243;]<p><b>Tel.\u00a0<\/b>+49 (0)30 | 6260 8100<\/p>\n<p><a href=\"https:\/\/completa-hausverwaltung.de\/index.php\/kontakt\/\"><strong>E-Mail senden<\/strong><\/a><\/p>\n<p><a href=\"https:\/\/completa-hausverwaltung.de\/index.php\/widerrufsrecht\/\"><strong>Widerrufsrecht | Formular<\/strong><\/a><\/p>\n<p><a href=\"https:\/\/completa-hausverwaltung.de\/index.php\/offene-stellen\/\"><strong>Karriere | Offene Stellen<\/strong><\/a><\/p>\n<p><strong><a href=\"https:\/\/completa-hausverwaltung.de\/index.php\/praktikumsplaetze\/\">Karriere | Praktikumspl\u00e4tze<\/a><\/strong><\/p>[\/et_pb_text][\/et_pb_column][et_pb_column type=&#8220;1_4&#8243; _builder_version=&#8220;3.25&#8243; custom_padding=&#8220;|||&#8220; custom_padding__hover=&#8220;|||&#8220;][et_pb_text _builder_version=&#8220;3.19.11&#8243; text_font=&#8220;||||||||&#8220; header_font=&#8220;||||||||&#8220; border_color_all=&#8220;#2da8ef&#8220; border_width_bottom=&#8220;2px&#8220;]<h2>Verbraucher-informationen<\/h2>[\/et_pb_text][et_pb_text _builder_version=&#8220;3.25.3&#8243;]<p><b>Tel.\u00a0<\/b>+49 (0)3378 | 4490 313<\/p>\n<p><a href=\"https:\/\/completa-hausverwaltung.de\/index.php\/agb\/\"><strong>AGB<\/strong><\/a><\/p>\n<p><a href=\"https:\/\/completa-hausverwaltung.de\/index.php\/haftung\/\"><strong>Haftung<\/strong><\/a><\/p>\n<p><a href=\"https:\/\/completa-hausverwaltung.de\/index.php\/impressum\/\"><strong>Impressum<\/strong><\/a><\/p>\n<p><a href=\"https:\/\/completa-hausverwaltung.de\/index.php\/datenschutzerklaerung\/\"><strong><\/strong><\/a><a href=\"https:\/\/completa-hausverwaltung.de\/index.php\/datenschutzerklaerung\/\" title=\"Datenschutz |\"><strong>Datenschutz |<\/strong><strong> <\/strong><\/a><a href=\"https:\/\/dsgvo-gesetz.de\/\" target=\"_blank\" rel=\"noopener noreferrer\" title=\"EU-DSGVO\"><strong>EU-DSGVO<\/strong><strong><\/strong><\/a><\/p>\n<p><a href=\"https:\/\/completa-hausverwaltung.de\/index.php\/widerrufsrecht\/\"><strong>Widerrufsrecht f\u00fcr Verbraucher<\/strong><\/a><\/p>[\/et_pb_text][\/et_pb_column][et_pb_column type=&#8220;1_4&#8243; _builder_version=&#8220;3.25&#8243; custom_padding=&#8220;|||&#8220; custom_padding__hover=&#8220;|||&#8220;][et_pb_text _builder_version=&#8220;3.19.11&#8243; text_font=&#8220;||||||||&#8220; text_text_color=&#8220;#2da8ef&#8220; border_color_all=&#8220;#2da8ef&#8220; border_width_bottom=&#8220;2px&#8220;]<h2>Newsletter<\/h2>\n<p>&nbsp;<\/p>[\/et_pb_text][et_pb_contact_form captcha=&#8220;off&#8220; success_message=&#8220;Vielen Dank f\u00fcr das Newsletterabonnement. Sie k\u00f6nnen den Newsletter zu jederzeit wieder abstellen.&#8220; submit_button_text=&#8220;Newsletter abonnieren&#8220; _builder_version=&#8220;3.23&#8243; form_field_background_color=&#8220;rgba(216,216,216,0.69)&#8220; title_font=&#8220;||||||||&#8220; form_field_font=&#8220;||||||||&#8220; form_field_text_align=&#8220;left&#8220; form_field_line_height=&#8220;1em&#8220; custom_button=&#8220;on&#8220; button_text_size=&#8220;16px&#8220; button_text_color=&#8220;#ffffff&#8220; button_bg_color=&#8220;#2da8ef&#8220; button_bg_color_gradient_start=&#8220;#ffffff&#8220; button_bg_color_gradient_end=&#8220;#ffffff&#8220; button_bg_color_gradient_direction_radial=&#8220;top left&#8220; button_bg_color_gradient_end_position=&#8220;0%&#8220; button_border_width=&#8220;2px&#8220; button_border_color=&#8220;#2da8ef&#8220; button_border_radius=&#8220;0px&#8220; button_font=&#8220;Open Sans|600|||||||&#8220; button_use_icon=&#8220;off&#8220; box_shadow_style_button=&#8220;preset2&#8243; box_shadow_blur_button=&#8220;22px&#8220; box_shadow_spread_button=&#8220;-1px&#8220; box_shadow_color_button=&#8220;#2da8ef&#8220; text_orientation=&#8220;left&#8220; max_width=&#8220;95%&#8220; module_alignment=&#8220;left&#8220; custom_margin=&#8220;|||&#8220; custom_css_main_element=&#8220;text-align: center;&#8220; custom_css_contact_button=&#8220;text-align: center;||margin-top: 10px;||width: 100%;||margin-left:0!important;||margin-right:0;&#8220; form_background_color=&#8220;rgba(216,216,216,0.69)&#8220; form_background_color__hover_enabled=&#8220;on&#8220; form_background_color__hover=&#8220;#d6d6d6&#8243; button_text_color__hover_enabled=&#8220;on&#8220; button_text_color__hover=&#8220;#ffffff&#8220; form_field_background_color__hover_enabled=&#8220;on&#8220; form_field_background_color__hover=&#8220;#d6d6d6&#8243;][et_pb_contact_field field_id=&#8220;newsletter-email&#8220; field_title=&#8220;E-Mail Adresse&#8220; field_type=&#8220;email&#8220; fullwidth_field=&#8220;on&#8220; _builder_version=&#8220;3.18.4&#8243; border_radii=&#8220;|10px|10px|10px|10px&#8220; border_width_all=&#8220;1px&#8220; border_color_all=&#8220;#999999&#8243;][\/et_pb_contact_field][\/et_pb_contact_form][\/et_pb_column][\/et_pb_row][\/et_pb_section]\n","protected":false},"excerpt":{"rendered":"","protected":false},"author":1,"featured_media":0,"parent":0,"menu_order":0,"comment_status":"closed","ping_status":"closed","template":"","meta":{"_et_pb_use_builder":"on","_et_pb_old_content":"<!-- wp:divi\/placeholder \/-->"},"yoast_head":"<!-- This site is optimized with the Yoast SEO plugin v16.0.1 - https:\/\/yoast.com\/wordpress\/plugins\/seo\/ -->\n<title>Praktikumspl\u00e4tze - Completa Hausverwaltung<\/title>\n<meta name=\"description\" content=\"Ihnen steht ein Praktikum bevor und sie m\u00f6chten spannende Einblicke in unser Unternehmen erhalten? Hier gelangen Sie zu unseren Praktikumspl\u00e4tzen\" \/>\n<link rel=\"canonical\" href=\"https:\/\/completa-hausverwaltung.de\/index.php\/praktikumsplaetze\/\" \/>\n<meta property=\"og:locale\" content=\"de_DE\" \/>\n<meta property=\"og:type\" content=\"article\" \/>\n<meta property=\"og:title\" content=\"Praktikumspl\u00e4tze - Completa Hausverwaltung\" \/>\n<meta property=\"og:description\" content=\"Ihnen steht ein Praktikum bevor und sie m\u00f6chten spannende Einblicke in unser Unternehmen erhalten? Hier gelangen Sie zu unseren Praktikumspl\u00e4tzen\" \/>\n<meta property=\"og:url\" content=\"https:\/\/completa-hausverwaltung.de\/index.php\/praktikumsplaetze\/\" \/>\n<meta property=\"og:site_name\" content=\"Completa Hausverwaltung\" \/>\n<meta property=\"article:modified_time\" content=\"2020-07-02T12:12:35+00:00\" \/>\n<meta name=\"twitter:card\" content=\"summary_large_image\" \/>\n<meta name=\"twitter:label1\" content=\"Gesch\u00e4tzte Lesezeit\">\n\t<meta name=\"twitter:data1\" content=\"10\u00a0Minuten\">\n<script type=\"application\/ld+json\" class=\"yoast-schema-graph\">{\"@context\":\"https:\/\/schema.org\",\"@graph\":[{\"@type\":\"WebSite\",\"@id\":\"https:\/\/completa-hausverwaltung.de\/#website\",\"url\":\"https:\/\/completa-hausverwaltung.de\/\",\"name\":\"Completa Hausverwaltung\",\"description\":\"\",\"potentialAction\":[{\"@type\":\"SearchAction\",\"target\":\"https:\/\/completa-hausverwaltung.de\/?s={search_term_string}\",\"query-input\":\"required name=search_term_string\"}],\"inLanguage\":\"de\"},{\"@type\":\"WebPage\",\"@id\":\"https:\/\/completa-hausverwaltung.de\/index.php\/praktikumsplaetze\/#webpage\",\"url\":\"https:\/\/completa-hausverwaltung.de\/index.php\/praktikumsplaetze\/\",\"name\":\"Praktikumspl\\u00e4tze - Completa Hausverwaltung\",\"isPartOf\":{\"@id\":\"https:\/\/completa-hausverwaltung.de\/#website\"},\"datePublished\":\"2019-02-03T15:05:51+00:00\",\"dateModified\":\"2020-07-02T12:12:35+00:00\",\"description\":\"Ihnen steht ein Praktikum bevor und sie m\\u00f6chten spannende Einblicke in unser Unternehmen erhalten? Hier gelangen Sie zu unseren Praktikumspl\\u00e4tzen\",\"breadcrumb\":{\"@id\":\"https:\/\/completa-hausverwaltung.de\/index.php\/praktikumsplaetze\/#breadcrumb\"},\"inLanguage\":\"de\",\"potentialAction\":[{\"@type\":\"ReadAction\",\"target\":[\"https:\/\/completa-hausverwaltung.de\/index.php\/praktikumsplaetze\/\"]}]},{\"@type\":\"BreadcrumbList\",\"@id\":\"https:\/\/completa-hausverwaltung.de\/index.php\/praktikumsplaetze\/#breadcrumb\",\"itemListElement\":[{\"@type\":\"ListItem\",\"position\":1,\"item\":{\"@type\":\"WebPage\",\"@id\":\"https:\/\/completa-hausverwaltung.de\/\",\"url\":\"https:\/\/completa-hausverwaltung.de\/\",\"name\":\"Startseite\"}},{\"@type\":\"ListItem\",\"position\":2,\"item\":{\"@type\":\"WebPage\",\"@id\":\"https:\/\/completa-hausverwaltung.de\/index.php\/praktikumsplaetze\/\",\"url\":\"https:\/\/completa-hausverwaltung.de\/index.php\/praktikumsplaetze\/\",\"name\":\"Praktikumspl\\u00e4tze\"}}]}]}<\/script>\n<!-- \/ Yoast SEO plugin. -->","_links":{"self":[{"href":"https:\/\/completa-hausverwaltung.de\/index.php\/wp-json\/wp\/v2\/pages\/760"}],"collection":[{"href":"https:\/\/completa-hausverwaltung.de\/index.php\/wp-json\/wp\/v2\/pages"}],"about":[{"href":"https:\/\/completa-hausverwaltung.de\/index.php\/wp-json\/wp\/v2\/types\/page"}],"author":[{"embeddable":true,"href":"https:\/\/completa-hausverwaltung.de\/index.php\/wp-json\/wp\/v2\/users\/1"}],"replies":[{"embeddable":true,"href":"https:\/\/completa-hausverwaltung.de\/index.php\/wp-json\/wp\/v2\/comments?post=760"}],"version-history":[{"count":14,"href":"https:\/\/completa-hausverwaltung.de\/index.php\/wp-json\/wp\/v2\/pages\/760\/revisions"}],"predecessor-version":[{"id":2160,"href":"https:\/\/completa-hausverwaltung.de\/index.php\/wp-json\/wp\/v2\/pages\/760\/revisions\/2160"}],"wp:attachment":[{"href":"https:\/\/completa-hausverwaltung.de\/index.php\/wp-json\/wp\/v2\/media?parent=760"}],"curies":[{"name":"wp","href":"https:\/\/api.w.org\/{rel}","templated":true}]}}