{"id":57,"date":"2019-02-02T19:02:58","date_gmt":"2019-02-02T18:02:58","guid":{"rendered":"https:\/\/completa-hausverwaltung.de\/?page_id=57"},"modified":"2020-07-02T14:02:20","modified_gmt":"2020-07-02T12:02:20","slug":"kontakt","status":"publish","type":"page","link":"https:\/\/completa-hausverwaltung.de\/index.php\/kontakt\/","title":{"rendered":"Kontakt"},"content":{"rendered":"\n[et_pb_section fb_built=&#8220;1&#8243; fullwidth=&#8220;on&#8220; admin_label=&#8220;Map Header&#8220; _builder_version=&#8220;3.25.3&#8243; background_image=&#8220;https:\/\/completa-hausverwaltung.de\/wp-content\/uploads\/2020\/07\/kontakt_header-scaled.jpg&#8220; custom_padding=&#8220;250px||250px||true|&#8220;][\/et_pb_section][et_pb_section fb_built=&#8220;1&#8243; specialty=&#8220;on&#8220; admin_label=&#8220;Contact&#8220; _builder_version=&#8220;3.25.3&#8243; background_color=&#8220;rgba(0,0,0,0)&#8220; custom_margin=&#8220;-4px|||||&#8220; custom_padding=&#8220;75px|0px|54px|0px||&#8220;][et_pb_column type=&#8220;1_2&#8243; specialty_columns=&#8220;2&#8243; _builder_version=&#8220;3.25&#8243; custom_padding=&#8220;|||&#8220; parallax__hover=&#8220;off&#8220; parallax_method__hover=&#8220;on&#8220; custom_padding__hover=&#8220;|||&#8220;][et_pb_row_inner custom_padding=&#8220;60px|60px|60px|60px&#8220; custom_padding_phone=&#8220;|40px||40px&#8220; custom_padding_last_edited=&#8220;on|desktop&#8220; module_id=&#8220;kontakt-kontaktformular&#8220; _builder_version=&#8220;3.25.3&#8243; background_color=&#8220;#ffffff&#8220; box_shadow_style=&#8220;preset3&#8243; box_shadow_vertical=&#8220;15px&#8220; box_shadow_blur=&#8220;80px&#8220; custom_margin=&#8220;-200px||80px|&#8220;][et_pb_column_inner saved_specialty_column_type=&#8220;1_2&#8243; _builder_version=&#8220;3.25&#8243; custom_padding=&#8220;|||&#8220; parallax__hover=&#8220;off&#8220; parallax_method__hover=&#8220;on&#8220; custom_padding__hover=&#8220;|||&#8220;][et_pb_text _builder_version=&#8220;3.0.99&#8243; text_font=&#8220;||||||||&#8220; header_font=&#8220;Playfair Display|700||on|||||&#8220; header_font_size=&#8220;38px&#8220; header_letter_spacing=&#8220;1px&#8220; header_line_height=&#8220;1.4em&#8220; header_2_font=&#8220;||||||||&#8220; header_3_font=&#8220;||||||||&#8220; text_orientation=&#8220;center&#8220; max_width=&#8220;550px&#8220; module_alignment=&#8220;center&#8220; custom_margin=&#8220;|||&#8220; locked=&#8220;off&#8220;]<h1><strong><span style=\"font-family: Open Sans;\">Jetzt kontakt aufnehmen<\/span><\/strong><\/h1>[\/et_pb_text][et_pb_contact_form captcha=&#8220;off&#8220; email=&#8220;info@completa-hausverwaltung.de&#8220; custom_message=&#8220;Neue Anfrage \u00fcber completa-hausverwaltung.de!||et_pb_line_break_holder||||et_pb_line_break_holder||Kontaktdaten:||et_pb_line_break_holder||||et_pb_line_break_holder||Anrede:||et_pb_line_break_holder||Herr\/Frau %%name%%||et_pb_line_break_holder||||et_pb_line_break_holder||E-Mail-Adresse:||et_pb_line_break_holder||%%email%%||et_pb_line_break_holder||||et_pb_line_break_holder||Telefonnummer:||et_pb_line_break_holder||%%phone%%||et_pb_line_break_holder||||et_pb_line_break_holder||Betreff:||et_pb_line_break_holder||%%subject%%||et_pb_line_break_holder||||et_pb_line_break_holder||Nachricht:||et_pb_line_break_holder||%%message%%||et_pb_line_break_holder||||et_pb_line_break_holder||Diese Nachricht wurde von einem Kontaktformular auf completa-hausverwaltung.de generiert.&#8220; success_message=&#8220;Vielen Dank! Wir melden uns schnellstm\u00f6glich bei Ihnen zur\u00fcck!&#8220; submit_button_text=&#8220;Absenden&#8220; module_id=&#8220;et_pb_contact_form_0&#8243; _builder_version=&#8220;3.25.3&#8243; form_field_background_color=&#8220;#ffffff&#8220; form_field_text_color=&#8220;rgba(0,0,0,0.7)&#8220; title_level=&#8220;h2&#8243; title_font=&#8220;Playfair Display|700||on|||||&#8220; title_text_align=&#8220;center&#8220; title_font_size=&#8220;38px&#8220; title_line_height=&#8220;1.4em&#8220; form_field_font=&#8220;Poppins|600||on|||||&#8220; form_field_font_size=&#8220;12px&#8220; form_field_letter_spacing=&#8220;2px&#8220; border_color_all=&#8220;#dfdfe3&#8243; border_width_bottom=&#8220;1px&#8220; custom_button=&#8220;on&#8220; button_text_size=&#8220;16px&#8220; button_text_color=&#8220;#ffffff&#8220; button_bg_color=&#8220;#2da8ef&#8220; button_border_width=&#8220;0px&#8220; button_border_color=&#8220;#2da8ef&#8220; button_border_radius=&#8220;0px&#8220; button_letter_spacing=&#8220;1px&#8220; button_font=&#8220;Open Sans|600||on|||||&#8220; button_icon=&#8220;%%3%%&#8220; custom_margin=&#8220;|||&#8220; custom_padding=&#8220;|||&#8220; form_background_color=&#8220;#ffffff&#8220; locked=&#8220;off&#8220; button_letter_spacing_hover=&#8220;1px&#8220;][et_pb_contact_field field_id=&#8220;Name&#8220; field_title=&#8220;Ihr Name&#8220; fullwidth_field=&#8220;on&#8220; _builder_version=&#8220;3.19.11&#8243; form_field_font=&#8220;Open Sans||||||||&#8220; border_radii=&#8220;on||||&#8220; custom_margin=&#8220;||20px|&#8220; custom_padding=&#8220;|||&#8220; button_text_size__hover_enabled=&#8220;off&#8220; button_one_text_size__hover_enabled=&#8220;off&#8220; button_two_text_size__hover_enabled=&#8220;off&#8220; button_text_color__hover_enabled=&#8220;off&#8220; button_one_text_color__hover_enabled=&#8220;off&#8220; button_two_text_color__hover_enabled=&#8220;off&#8220; button_border_width__hover_enabled=&#8220;off&#8220; button_one_border_width__hover_enabled=&#8220;off&#8220; button_two_border_width__hover_enabled=&#8220;off&#8220; button_border_color__hover_enabled=&#8220;off&#8220; button_one_border_color__hover_enabled=&#8220;off&#8220; button_two_border_color__hover_enabled=&#8220;off&#8220; button_border_radius__hover_enabled=&#8220;off&#8220; button_one_border_radius__hover_enabled=&#8220;off&#8220; button_two_border_radius__hover_enabled=&#8220;off&#8220; button_letter_spacing__hover_enabled=&#8220;off&#8220; button_one_letter_spacing__hover_enabled=&#8220;off&#8220; button_two_letter_spacing__hover_enabled=&#8220;off&#8220; button_bg_color__hover_enabled=&#8220;off&#8220; button_one_bg_color__hover_enabled=&#8220;off&#8220; button_two_bg_color__hover_enabled=&#8220;off&#8220;][\/et_pb_contact_field][et_pb_contact_field field_id=&#8220;Email&#8220; field_title=&#8220;Ihre E-Mail-Adresse&#8220; fullwidth_field=&#8220;on&#8220; _builder_version=&#8220;3.19.11&#8243; form_field_font=&#8220;Open Sans||||||||&#8220; border_radii=&#8220;on||||&#8220; custom_margin=&#8220;||20px|&#8220; button_text_size__hover_enabled=&#8220;off&#8220; button_one_text_size__hover_enabled=&#8220;off&#8220; button_two_text_size__hover_enabled=&#8220;off&#8220; button_text_color__hover_enabled=&#8220;off&#8220; button_one_text_color__hover_enabled=&#8220;off&#8220; button_two_text_color__hover_enabled=&#8220;off&#8220; button_border_width__hover_enabled=&#8220;off&#8220; button_one_border_width__hover_enabled=&#8220;off&#8220; button_two_border_width__hover_enabled=&#8220;off&#8220; button_border_color__hover_enabled=&#8220;off&#8220; button_one_border_color__hover_enabled=&#8220;off&#8220; button_two_border_color__hover_enabled=&#8220;off&#8220; button_border_radius__hover_enabled=&#8220;off&#8220; button_one_border_radius__hover_enabled=&#8220;off&#8220; button_two_border_radius__hover_enabled=&#8220;off&#8220; button_letter_spacing__hover_enabled=&#8220;off&#8220; button_one_letter_spacing__hover_enabled=&#8220;off&#8220; button_two_letter_spacing__hover_enabled=&#8220;off&#8220; button_bg_color__hover_enabled=&#8220;off&#8220; button_one_bg_color__hover_enabled=&#8220;off&#8220; button_two_bg_color__hover_enabled=&#8220;off&#8220;][\/et_pb_contact_field][et_pb_contact_field field_id=&#8220;Phone&#8220; field_title=&#8220;Ihre Telefonnummer&#8220; required_mark=&#8220;off&#8220; fullwidth_field=&#8220;on&#8220; _builder_version=&#8220;3.19.11&#8243; form_field_font=&#8220;Open Sans|600||on|||||&#8220;][\/et_pb_contact_field][et_pb_contact_field field_id=&#8220;Subject&#8220; field_title=&#8220;Betreff&#8220; fullwidth_field=&#8220;on&#8220; _builder_version=&#8220;3.19.11&#8243; form_field_font=&#8220;Open Sans||||||||&#8220; border_radii=&#8220;on||||&#8220; custom_margin=&#8220;||20px|&#8220; button_text_size__hover_enabled=&#8220;off&#8220; button_one_text_size__hover_enabled=&#8220;off&#8220; button_two_text_size__hover_enabled=&#8220;off&#8220; button_text_color__hover_enabled=&#8220;off&#8220; button_one_text_color__hover_enabled=&#8220;off&#8220; button_two_text_color__hover_enabled=&#8220;off&#8220; button_border_width__hover_enabled=&#8220;off&#8220; button_one_border_width__hover_enabled=&#8220;off&#8220; button_two_border_width__hover_enabled=&#8220;off&#8220; button_border_color__hover_enabled=&#8220;off&#8220; button_one_border_color__hover_enabled=&#8220;off&#8220; button_two_border_color__hover_enabled=&#8220;off&#8220; button_border_radius__hover_enabled=&#8220;off&#8220; button_one_border_radius__hover_enabled=&#8220;off&#8220; button_two_border_radius__hover_enabled=&#8220;off&#8220; button_letter_spacing__hover_enabled=&#8220;off&#8220; button_one_letter_spacing__hover_enabled=&#8220;off&#8220; button_two_letter_spacing__hover_enabled=&#8220;off&#8220; button_bg_color__hover_enabled=&#8220;off&#8220; button_one_bg_color__hover_enabled=&#8220;off&#8220; button_two_bg_color__hover_enabled=&#8220;off&#8220;][\/et_pb_contact_field][et_pb_contact_field field_id=&#8220;Message&#8220; field_title=&#8220;Ihre Nachricht&#8220; field_type=&#8220;text&#8220; fullwidth_field=&#8220;on&#8220; _builder_version=&#8220;3.23&#8243; form_field_background_color=&#8220;rgba(12,12,12,0.02)&#8220; form_field_font=&#8220;Open Sans||||||||&#8220; border_radii=&#8220;on||||&#8220; border_width_all=&#8220;1px&#8220; custom_margin=&#8220;40px||20px|&#8220; field_background_color=&#8220;rgba(12,12,12,0.02)&#8220; button_text_size__hover_enabled=&#8220;off&#8220; button_one_text_size__hover_enabled=&#8220;off&#8220; button_two_text_size__hover_enabled=&#8220;off&#8220; button_text_color__hover_enabled=&#8220;off&#8220; button_one_text_color__hover_enabled=&#8220;off&#8220; button_two_text_color__hover_enabled=&#8220;off&#8220; button_border_width__hover_enabled=&#8220;off&#8220; button_one_border_width__hover_enabled=&#8220;off&#8220; button_two_border_width__hover_enabled=&#8220;off&#8220; button_border_color__hover_enabled=&#8220;off&#8220; button_one_border_color__hover_enabled=&#8220;off&#8220; button_two_border_color__hover_enabled=&#8220;off&#8220; button_border_radius__hover_enabled=&#8220;off&#8220; button_one_border_radius__hover_enabled=&#8220;off&#8220; button_two_border_radius__hover_enabled=&#8220;off&#8220; button_letter_spacing__hover_enabled=&#8220;off&#8220; button_one_letter_spacing__hover_enabled=&#8220;off&#8220; button_two_letter_spacing__hover_enabled=&#8220;off&#8220; button_bg_color__hover_enabled=&#8220;off&#8220; button_one_bg_color__hover_enabled=&#8220;off&#8220; button_two_bg_color__hover_enabled=&#8220;off&#8220;][\/et_pb_contact_field][et_pb_contact_field field_id=&#8220;Datenschutz&#8220; field_title=&#8220;Datenschutzerkl\u00e4rung:&#8220; field_type=&#8220;checkbox&#8220; checkbox_options=&#8220;%91{%22value%22:%22Datenschutzerkl\u00e4rung gelesen und akzeptiert%22,%22checked%22:0,%22dragID%22:-1,%22link_url%22:%22https:\/\/completa-hausverwaltung.de\/index.php\/datenschutzerklaerung\/%22}%93&#8243; fullwidth_field=&#8220;on&#8220; _builder_version=&#8220;3.25.3&#8243;][\/et_pb_contact_field][et_pb_contact_field field_id=&#8220;Datenschutzhinweis&#8220; field_title=&#8220;Datenschutzhinweis:&#8220; field_type=&#8220;checkbox&#8220; checkbox_options=&#8220;%91{%22value%22:%22Mit dem vorstehenden Kontaktformular k\u00f6nnen Sie an uns eine Anfrage richten. Die von Ihnen eingegebenen Daten werden \u00fcber unseren Providerserver per E-Mail an uns weitergeleitet und k\u00f6nnen nach erfolgloser Abwicklung auf Wunsch gel\u00f6scht werden, sofern keine gesetzlichen Aufbewahrungspflichten dem entgegenstehen. Eine Nutzung zu einem anderen Zweck als der von Ihnen bestimmte oder eine Datenweitergabe an Dritte findet nicht statt.%22,%22checked%22:0,%22dragID%22:-1}%93&#8243; required_mark=&#8220;off&#8220; fullwidth_field=&#8220;on&#8220; _builder_version=&#8220;3.25.3&#8243;][\/et_pb_contact_field][\/et_pb_contact_form][\/et_pb_column_inner][\/et_pb_row_inner][\/et_pb_column][et_pb_column type=&#8220;1_2&#8243; _builder_version=&#8220;3.25&#8243; custom_padding=&#8220;|||&#8220; parallax__hover=&#8220;off&#8220; parallax_method__hover=&#8220;on&#8220; custom_padding__hover=&#8220;|||&#8220;][et_pb_blurb title=&#8220;besuchen Sie uns&#8220; use_icon=&#8220;on&#8220; font_icon=&#8220;%%249%%&#8220; icon_color=&#8220;#ffffff&#8220; use_circle=&#8220;on&#8220; icon_placement=&#8220;left&#8220; use_icon_font_size=&#8220;on&#8220; icon_font_size=&#8220;24px&#8220; _builder_version=&#8220;3.25.3&#8243; header_font=&#8220;Open Sans|700||on|||||&#8220; header_text_color=&#8220;rgba(0,0,0,0.4)&#8220; header_font_size=&#8220;12px&#8220; header_letter_spacing=&#8220;1px&#8220; body_font=&#8220;Open Sans||||||||&#8220; body_text_color=&#8220;#000000&#8243; body_letter_spacing=&#8220;1px&#8220; body_line_height=&#8220;1.8em&#8220; border_style_all=&#8220;dashed&#8220; text_orientation=&#8220;center&#8220; custom_margin=&#8220;||40px|&#8220; animation_style=&#8220;slide&#8220; animation_direction=&#8220;right&#8220; animation=&#8220;off&#8220; locked=&#8220;off&#8220;]<p><strong>Completa Hausverwaltung<\/strong><br \/><strong> Karl-Marx-Str. 133a<\/strong><br \/><strong> 12529 Sch\u00f6nefeld OT Gro\u00dfziethen<\/strong><\/p>[\/et_pb_blurb][et_pb_blurb title=&#8220;Telefon&#8220; use_icon=&#8220;on&#8220; font_icon=&#8220;%%221%%&#8220; icon_color=&#8220;#ffffff&#8220; use_circle=&#8220;on&#8220; icon_placement=&#8220;left&#8220; use_icon_font_size=&#8220;on&#8220; icon_font_size=&#8220;24px&#8220; _builder_version=&#8220;3.25.3&#8243; header_font=&#8220;Open Sans|700||on|||||&#8220; header_text_color=&#8220;rgba(0,0,0,0.4)&#8220; header_font_size=&#8220;12px&#8220; header_letter_spacing=&#8220;1px&#8220; body_font=&#8220;Open Sans||||||||&#8220; body_text_color=&#8220;#000000&#8243; body_letter_spacing=&#8220;1px&#8220; body_line_height=&#8220;1.8em&#8220; border_style_all=&#8220;dashed&#8220; text_orientation=&#8220;center&#8220; custom_margin=&#8220;||40px|&#8220; animation_style=&#8220;slide&#8220; animation_direction=&#8220;right&#8220; animation=&#8220;off&#8220; locked=&#8220;off&#8220;]<p><strong>+49 (0)30 | 6260 8100<\/strong><\/p>[\/et_pb_blurb][et_pb_blurb title=&#8220;\u00d6ffnungszeiten&#8220; use_icon=&#8220;on&#8220; font_icon=&#8220;%%227%%&#8220; icon_color=&#8220;#ffffff&#8220; use_circle=&#8220;on&#8220; icon_placement=&#8220;left&#8220; use_icon_font_size=&#8220;on&#8220; icon_font_size=&#8220;24px&#8220; _builder_version=&#8220;3.19.11&#8243; header_font=&#8220;Open Sans|700||on|||||&#8220; header_text_color=&#8220;rgba(0,0,0,0.4)&#8220; header_font_size=&#8220;12px&#8220; header_letter_spacing=&#8220;1px&#8220; body_font=&#8220;Open Sans||||||||&#8220; body_text_color=&#8220;#000000&#8243; body_letter_spacing=&#8220;1px&#8220; body_line_height=&#8220;1.8em&#8220; border_style_all=&#8220;dashed&#8220; text_orientation=&#8220;center&#8220; custom_margin=&#8220;||40px|&#8220; animation_style=&#8220;slide&#8220; animation_direction=&#8220;right&#8220; animation=&#8220;off&#8220; locked=&#8220;off&#8220;]<p><strong>Montag bis Freitag: 9 &#8211; 18Uhr<\/strong><\/p>\n<p><strong>Samstag, Sonntag sowie au\u00dferhalb der Gesch\u00e4ftszeiten nur nach Vereinbarung<\/strong><\/p>[\/et_pb_blurb][\/et_pb_column][\/et_pb_section][et_pb_section fb_built=&#8220;1&#8243; _builder_version=&#8220;3.22.3&#8243; global_module=&#8220;2120&#8243; saved_tabs=&#8220;all&#8220;][et_pb_row column_structure=&#8220;1_4,1_4,1_4,1_4&#8243; _builder_version=&#8220;3.25&#8243;][et_pb_column type=&#8220;1_4&#8243; _builder_version=&#8220;3.25&#8243; custom_padding=&#8220;|||&#8220; custom_padding__hover=&#8220;|||&#8220;][et_pb_text _builder_version=&#8220;3.19.11&#8243; text_font=&#8220;||||||||&#8220; text_text_color=&#8220;#2da8ef&#8220; border_color_all=&#8220;#0dbde0&#8243; border_width_bottom=&#8220;2px&#8220; border_color_bottom=&#8220;#2da8ef&#8220;]<h2>Hier finden Sie uns<\/h2>\n<p>&nbsp;<\/p>[\/et_pb_text][et_pb_text _builder_version=&#8220;3.25.3&#8243; text_font=&#8220;||||||||&#8220; header_font=&#8220;||||||||&#8220; header_3_font=&#8220;||||||||&#8220; header_3_text_align=&#8220;left&#8220; header_3_font_size=&#8220;25px&#8220; custom_padding=&#8220;|||&#8220; custom_css_before=&#8220;border-bottom: 1px solid orange;&#8220;]<p><strong>Adresse<br \/> <\/strong>Karl-Marx-Str. 133a<br \/>12529 Sch\u00f6nefeld OT Gro\u00dfziethen<\/p>\n<p><strong>\u00d6ffnungszeiten<br \/> <\/strong>Montag bis Freitag: 9-18 Uhr<\/p>\n<div class=\"col-md-4 col-lg-4\">\n<aside id=\"text-2\" class=\"cols-4 widget-column-1 widget_text footercont\">\n<div class=\"textwidget\">\n<p>Samstag, Sonntag und au\u00dferhalb der Gesch\u00e4ftszeiten nur nach Vereinbarung<\/p>\n<\/div>\n<\/aside>\n<\/div>[\/et_pb_text][\/et_pb_column][et_pb_column type=&#8220;1_4&#8243; _builder_version=&#8220;3.25&#8243; custom_padding=&#8220;|||&#8220; custom_padding__hover=&#8220;|||&#8220;][et_pb_text _builder_version=&#8220;3.19.11&#8243; text_font=&#8220;||||||||&#8220; text_text_color=&#8220;#2da8ef&#8220; border_color_all=&#8220;#0dbde0&#8243; border_width_bottom=&#8220;2px&#8220; border_color_bottom=&#8220;#2da8ef&#8220;]<h2>Kontakt | E-Mail<\/h2>\n<p>&nbsp;<\/p>[\/et_pb_text][et_pb_text _builder_version=&#8220;3.19.11&#8243;]<p><b>Tel.\u00a0<\/b>+49 (0)30 | 6260 8100<\/p>\n<p><a href=\"https:\/\/completa-hausverwaltung.de\/index.php\/kontakt\/\"><strong>E-Mail senden<\/strong><\/a><\/p>\n<p><a href=\"https:\/\/completa-hausverwaltung.de\/index.php\/widerrufsrecht\/\"><strong>Widerrufsrecht | Formular<\/strong><\/a><\/p>\n<p><a href=\"https:\/\/completa-hausverwaltung.de\/index.php\/offene-stellen\/\"><strong>Karriere | Offene Stellen<\/strong><\/a><\/p>\n<p><strong><a href=\"https:\/\/completa-hausverwaltung.de\/index.php\/praktikumsplaetze\/\">Karriere | Praktikumspl\u00e4tze<\/a><\/strong><\/p>[\/et_pb_text][\/et_pb_column][et_pb_column type=&#8220;1_4&#8243; _builder_version=&#8220;3.25&#8243; custom_padding=&#8220;|||&#8220; custom_padding__hover=&#8220;|||&#8220;][et_pb_text _builder_version=&#8220;3.19.11&#8243; text_font=&#8220;||||||||&#8220; header_font=&#8220;||||||||&#8220; border_color_all=&#8220;#2da8ef&#8220; border_width_bottom=&#8220;2px&#8220;]<h2>Verbraucher-informationen<\/h2>[\/et_pb_text][et_pb_text _builder_version=&#8220;3.25.3&#8243;]<p><b>Tel.\u00a0<\/b>+49 (0)3378 | 4490 313<\/p>\n<p><a href=\"https:\/\/completa-hausverwaltung.de\/index.php\/agb\/\"><strong>AGB<\/strong><\/a><\/p>\n<p><a href=\"https:\/\/completa-hausverwaltung.de\/index.php\/haftung\/\"><strong>Haftung<\/strong><\/a><\/p>\n<p><a href=\"https:\/\/completa-hausverwaltung.de\/index.php\/impressum\/\"><strong>Impressum<\/strong><\/a><\/p>\n<p><a href=\"https:\/\/completa-hausverwaltung.de\/index.php\/datenschutzerklaerung\/\"><strong><\/strong><\/a><a href=\"https:\/\/completa-hausverwaltung.de\/index.php\/datenschutzerklaerung\/\" title=\"Datenschutz |\"><strong>Datenschutz |<\/strong><strong> <\/strong><\/a><a href=\"https:\/\/dsgvo-gesetz.de\/\" target=\"_blank\" rel=\"noopener noreferrer\" title=\"EU-DSGVO\"><strong>EU-DSGVO<\/strong><strong><\/strong><\/a><\/p>\n<p><a href=\"https:\/\/completa-hausverwaltung.de\/index.php\/widerrufsrecht\/\"><strong>Widerrufsrecht f\u00fcr Verbraucher<\/strong><\/a><\/p>[\/et_pb_text][\/et_pb_column][et_pb_column type=&#8220;1_4&#8243; _builder_version=&#8220;3.25&#8243; custom_padding=&#8220;|||&#8220; custom_padding__hover=&#8220;|||&#8220;][et_pb_text _builder_version=&#8220;3.19.11&#8243; text_font=&#8220;||||||||&#8220; text_text_color=&#8220;#2da8ef&#8220; border_color_all=&#8220;#2da8ef&#8220; border_width_bottom=&#8220;2px&#8220;]<h2>Newsletter<\/h2>\n<p>&nbsp;<\/p>[\/et_pb_text][et_pb_contact_form captcha=&#8220;off&#8220; success_message=&#8220;Vielen Dank f\u00fcr das Newsletterabonnement. Sie k\u00f6nnen den Newsletter zu jederzeit wieder abstellen.&#8220; submit_button_text=&#8220;Newsletter abonnieren&#8220; _builder_version=&#8220;3.23&#8243; form_field_background_color=&#8220;rgba(216,216,216,0.69)&#8220; title_font=&#8220;||||||||&#8220; form_field_font=&#8220;||||||||&#8220; form_field_text_align=&#8220;left&#8220; form_field_line_height=&#8220;1em&#8220; custom_button=&#8220;on&#8220; button_text_size=&#8220;16px&#8220; button_text_color=&#8220;#ffffff&#8220; button_bg_color=&#8220;#2da8ef&#8220; button_bg_color_gradient_start=&#8220;#ffffff&#8220; button_bg_color_gradient_end=&#8220;#ffffff&#8220; button_bg_color_gradient_direction_radial=&#8220;top left&#8220; button_bg_color_gradient_end_position=&#8220;0%&#8220; button_border_width=&#8220;2px&#8220; button_border_color=&#8220;#2da8ef&#8220; button_border_radius=&#8220;0px&#8220; button_font=&#8220;Open Sans|600|||||||&#8220; button_use_icon=&#8220;off&#8220; box_shadow_style_button=&#8220;preset2&#8243; box_shadow_blur_button=&#8220;22px&#8220; box_shadow_spread_button=&#8220;-1px&#8220; box_shadow_color_button=&#8220;#2da8ef&#8220; text_orientation=&#8220;left&#8220; max_width=&#8220;95%&#8220; module_alignment=&#8220;left&#8220; custom_margin=&#8220;|||&#8220; custom_css_main_element=&#8220;text-align: center;&#8220; custom_css_contact_button=&#8220;text-align: center;||margin-top: 10px;||width: 100%;||margin-left:0!important;||margin-right:0;&#8220; form_background_color=&#8220;rgba(216,216,216,0.69)&#8220; form_background_color__hover_enabled=&#8220;on&#8220; form_background_color__hover=&#8220;#d6d6d6&#8243; button_text_color__hover_enabled=&#8220;on&#8220; button_text_color__hover=&#8220;#ffffff&#8220; form_field_background_color__hover_enabled=&#8220;on&#8220; form_field_background_color__hover=&#8220;#d6d6d6&#8243;][et_pb_contact_field field_id=&#8220;newsletter-email&#8220; field_title=&#8220;E-Mail Adresse&#8220; field_type=&#8220;email&#8220; fullwidth_field=&#8220;on&#8220; _builder_version=&#8220;3.18.4&#8243; border_radii=&#8220;|10px|10px|10px|10px&#8220; border_width_all=&#8220;1px&#8220; border_color_all=&#8220;#999999&#8243;][\/et_pb_contact_field][\/et_pb_contact_form][\/et_pb_column][\/et_pb_row][\/et_pb_section]\n","protected":false},"excerpt":{"rendered":"","protected":false},"author":1,"featured_media":0,"parent":0,"menu_order":0,"comment_status":"closed","ping_status":"closed","template":"","meta":{"_et_pb_use_builder":"on","_et_pb_old_content":""},"yoast_head":"<!-- This site is optimized with the Yoast SEO plugin v16.0.1 - https:\/\/yoast.com\/wordpress\/plugins\/seo\/ -->\n<title>Kontakt - Completa Hausverwaltung<\/title>\n<meta name=\"description\" content=\"Sie m\u00f6chten pers\u00f6nlich mit Completa Hausverwaltung sprechen? Kontaktieren Sie uns jetzt! \u2705\" \/>\n<link rel=\"canonical\" href=\"https:\/\/completa-hausverwaltung.de\/index.php\/kontakt\/\" \/>\n<meta property=\"og:locale\" content=\"de_DE\" \/>\n<meta property=\"og:type\" content=\"article\" \/>\n<meta property=\"og:title\" content=\"Kontakt - Completa Hausverwaltung\" \/>\n<meta property=\"og:description\" content=\"Sie m\u00f6chten pers\u00f6nlich mit Completa Hausverwaltung sprechen? Kontaktieren Sie uns jetzt! \u2705\" \/>\n<meta property=\"og:url\" content=\"https:\/\/completa-hausverwaltung.de\/index.php\/kontakt\/\" \/>\n<meta property=\"og:site_name\" content=\"Completa Hausverwaltung\" \/>\n<meta property=\"article:modified_time\" content=\"2020-07-02T12:02:20+00:00\" \/>\n<meta name=\"twitter:card\" content=\"summary_large_image\" \/>\n<meta name=\"twitter:label1\" content=\"Gesch\u00e4tzte Lesezeit\">\n\t<meta name=\"twitter:data1\" content=\"11\u00a0Minuten\">\n<script type=\"application\/ld+json\" class=\"yoast-schema-graph\">{\"@context\":\"https:\/\/schema.org\",\"@graph\":[{\"@type\":\"WebSite\",\"@id\":\"https:\/\/completa-hausverwaltung.de\/#website\",\"url\":\"https:\/\/completa-hausverwaltung.de\/\",\"name\":\"Completa Hausverwaltung\",\"description\":\"\",\"potentialAction\":[{\"@type\":\"SearchAction\",\"target\":\"https:\/\/completa-hausverwaltung.de\/?s={search_term_string}\",\"query-input\":\"required name=search_term_string\"}],\"inLanguage\":\"de\"},{\"@type\":\"WebPage\",\"@id\":\"https:\/\/completa-hausverwaltung.de\/index.php\/kontakt\/#webpage\",\"url\":\"https:\/\/completa-hausverwaltung.de\/index.php\/kontakt\/\",\"name\":\"Kontakt - Completa Hausverwaltung\",\"isPartOf\":{\"@id\":\"https:\/\/completa-hausverwaltung.de\/#website\"},\"datePublished\":\"2019-02-02T18:02:58+00:00\",\"dateModified\":\"2020-07-02T12:02:20+00:00\",\"description\":\"Sie m\\u00f6chten pers\\u00f6nlich mit Completa Hausverwaltung sprechen? Kontaktieren Sie uns jetzt! \\u2705\",\"breadcrumb\":{\"@id\":\"https:\/\/completa-hausverwaltung.de\/index.php\/kontakt\/#breadcrumb\"},\"inLanguage\":\"de\",\"potentialAction\":[{\"@type\":\"ReadAction\",\"target\":[\"https:\/\/completa-hausverwaltung.de\/index.php\/kontakt\/\"]}]},{\"@type\":\"BreadcrumbList\",\"@id\":\"https:\/\/completa-hausverwaltung.de\/index.php\/kontakt\/#breadcrumb\",\"itemListElement\":[{\"@type\":\"ListItem\",\"position\":1,\"item\":{\"@type\":\"WebPage\",\"@id\":\"https:\/\/completa-hausverwaltung.de\/\",\"url\":\"https:\/\/completa-hausverwaltung.de\/\",\"name\":\"Startseite\"}},{\"@type\":\"ListItem\",\"position\":2,\"item\":{\"@type\":\"WebPage\",\"@id\":\"https:\/\/completa-hausverwaltung.de\/index.php\/kontakt\/\",\"url\":\"https:\/\/completa-hausverwaltung.de\/index.php\/kontakt\/\",\"name\":\"Kontakt\"}}]}]}<\/script>\n<!-- \/ Yoast SEO plugin. -->","_links":{"self":[{"href":"https:\/\/completa-hausverwaltung.de\/index.php\/wp-json\/wp\/v2\/pages\/57"}],"collection":[{"href":"https:\/\/completa-hausverwaltung.de\/index.php\/wp-json\/wp\/v2\/pages"}],"about":[{"href":"https:\/\/completa-hausverwaltung.de\/index.php\/wp-json\/wp\/v2\/types\/page"}],"author":[{"embeddable":true,"href":"https:\/\/completa-hausverwaltung.de\/index.php\/wp-json\/wp\/v2\/users\/1"}],"replies":[{"embeddable":true,"href":"https:\/\/completa-hausverwaltung.de\/index.php\/wp-json\/wp\/v2\/comments?post=57"}],"version-history":[{"count":26,"href":"https:\/\/completa-hausverwaltung.de\/index.php\/wp-json\/wp\/v2\/pages\/57\/revisions"}],"predecessor-version":[{"id":2148,"href":"https:\/\/completa-hausverwaltung.de\/index.php\/wp-json\/wp\/v2\/pages\/57\/revisions\/2148"}],"wp:attachment":[{"href":"https:\/\/completa-hausverwaltung.de\/index.php\/wp-json\/wp\/v2\/media?parent=57"}],"curies":[{"name":"wp","href":"https:\/\/api.w.org\/{rel}","templated":true}]}}