{"id":40,"date":"2019-02-02T18:52:47","date_gmt":"2019-02-02T17:52:47","guid":{"rendered":"https:\/\/completa-hausverwaltung.de\/?page_id=40"},"modified":"2020-07-02T13:48:20","modified_gmt":"2020-07-02T11:48:20","slug":"haftung","status":"publish","type":"page","link":"https:\/\/completa-hausverwaltung.de\/index.php\/haftung\/","title":{"rendered":"Haftung"},"content":{"rendered":"<p>[et_pb_section fb_built=&#8220;1&#8243; _builder_version=&#8220;3.22.3&#8243;][et_pb_row _builder_version=&#8220;3.25&#8243;][et_pb_column type=&#8220;4_4&#8243; _builder_version=&#8220;3.25&#8243; custom_padding=&#8220;|||&#8220; custom_padding__hover=&#8220;|||&#8220;][et_pb_text _builder_version=&#8220;3.19.11&#8243;]<\/p>\n<h1>Haftungsausschluss<\/h1>\n<p>&nbsp;<\/p>\n<div>\n<p>Die Inhalte unserer Seiten wurden mit gr\u00f6\u00dfter Sorgfalt erstellt. F\u00fcr die Richtigkeit, Vollst\u00e4ndigkeit, Qualit\u00e4t und Aktualit\u00e4t der Inhalte k\u00f6nnen wir jedoch keine Gew\u00e4hr \u00fcbernehmen. Als Diensteanbieter sind wir gem\u00e4\u00df \u00a7 7 Abs.1 TMG f\u00fcr eigene Inhalte auf diesen Seiten nach den allgemeinen Gesetzen verantwortlich.<\/p>\n<p>Nach \u00a7\u00a7 8 bis 10 TMG sind wir als Diensteanbieter jedoch nicht verpflichtet, \u00fcbermittelte oder gespeicherte fremde Informationen zu \u00fcberwachen oder nach Umst\u00e4nden zu forschen, die auf eine rechtswidrige T\u00e4tigkeit hinweisen. Verpflichtungen zur Entfernung oder Sperrung der Nutzung von Informationen nach den allgemeinen Gesetzen bleiben hiervon unber\u00fchrt. Eine diesbez\u00fcgliche Haftung ist jedoch erst ab dem Zeitpunkt der Kenntnis einer konkreten Rechtsverletzung m\u00f6glich. Bei Bekanntwerden von entsprechenden Rechtsverletzungen werden wir diese Inhalte umgehend entfernen.<\/p>\n<p>Bitte beachten Sie, dass die Inhalte k\u00f6nnen und sollen eine eingehende individuelle Beratung nicht ersetzen. Vielmehr sind die Informationen f\u00fcr die allgemeine, unverbindliche Information bestimmt.<\/p>\n<p>Auch kann der jederzeitige st\u00f6rungsfreie Zugang zu dieser Site nicht gew\u00e4hrleistet werden. Bei der Benutzung von Services dieser Website, beispielsweise bei Downloads, die COMPLETA Immobilien anbietet, sind St\u00f6rungen aus technischen Gr\u00fcnden nicht immer auszuschlie\u00dfen. F\u00fcr St\u00f6rungen aufgrund fahrl\u00e4ssiger Pflichtverletzung durch den Benutzer \u00fcbernimmt die COMPLETA Immobilien keine Haftung.\u00a0<\/p>\n<p>Alle auf dieser Website zur Verf\u00fcgung gestellten Angebote sind unverbindlich und freibleibend. Haftungsansp\u00fcche jeglicher Art gegen den Betreiber aus dem Benutzen dieser Website sind grunds\u00e4tzlich ausgeschlossen.<\/p>\n<\/div>\n<p>[\/et_pb_text][\/et_pb_column][\/et_pb_row][\/et_pb_section][et_pb_section fb_built=&#8220;1&#8243; _builder_version=&#8220;3.22.3&#8243; saved_tabs=&#8220;all&#8220; global_module=&#8220;2120&#8243;][et_pb_row column_structure=&#8220;1_4,1_4,1_4,1_4&#8243; _builder_version=&#8220;3.25&#8243;][et_pb_column type=&#8220;1_4&#8243; _builder_version=&#8220;3.25&#8243; custom_padding=&#8220;|||&#8220; custom_padding__hover=&#8220;|||&#8220;][et_pb_text _builder_version=&#8220;3.19.11&#8243; text_font=&#8220;||||||||&#8220; text_text_color=&#8220;#2da8ef&#8220; border_color_all=&#8220;#0dbde0&#8243; border_width_bottom=&#8220;2px&#8220; border_color_bottom=&#8220;#2da8ef&#8220;]<\/p>\n<h2>Hier finden Sie uns<\/h2>\n<p>&nbsp;<\/p>\n<p>[\/et_pb_text][et_pb_text _builder_version=&#8220;3.25.3&#8243; text_font=&#8220;||||||||&#8220; header_font=&#8220;||||||||&#8220; header_3_font=&#8220;||||||||&#8220; header_3_text_align=&#8220;left&#8220; header_3_font_size=&#8220;25px&#8220; custom_padding=&#8220;|||&#8220; custom_css_before=&#8220;border-bottom: 1px solid orange;&#8220;]<\/p>\n<p><strong>Adresse<br \/> <\/strong>Karl-Marx-Str. 133a<br \/>\n12529 Sch\u00f6nefeld OT Gro\u00dfziethen<\/p>\n<p><strong>\u00d6ffnungszeiten<br \/> <\/strong>Montag bis Freitag: 9-18 Uhr<\/p>\n<div class=\"col-md-4 col-lg-4\">\n<aside id=\"text-2\" class=\"cols-4 widget-column-1 widget_text footercont\">\n<div class=\"textwidget\">\n<p>Samstag, Sonntag und au\u00dferhalb der Gesch\u00e4ftszeiten nur nach Vereinbarung<\/p>\n<\/div>\n<\/aside>\n<\/div>\n<p>[\/et_pb_text][\/et_pb_column][et_pb_column type=&#8220;1_4&#8243; _builder_version=&#8220;3.25&#8243; custom_padding=&#8220;|||&#8220; custom_padding__hover=&#8220;|||&#8220;][et_pb_text _builder_version=&#8220;3.19.11&#8243; text_font=&#8220;||||||||&#8220; text_text_color=&#8220;#2da8ef&#8220; border_color_all=&#8220;#0dbde0&#8243; border_width_bottom=&#8220;2px&#8220; border_color_bottom=&#8220;#2da8ef&#8220;]<\/p>\n<h2>Kontakt | E-Mail<\/h2>\n<p>&nbsp;<\/p>\n<p>[\/et_pb_text][et_pb_text _builder_version=&#8220;3.19.11&#8243;]<\/p>\n<p><b>Tel.\u00a0<\/b>+49 (0)30 | 6260 8100<\/p>\n<p><a href=\"https:\/\/completa-hausverwaltung.de\/index.php\/kontakt\/\"><strong>E-Mail senden<\/strong><\/a><\/p>\n<p><a href=\"https:\/\/completa-hausverwaltung.de\/index.php\/widerrufsrecht\/\"><strong>Widerrufsrecht | Formular<\/strong><\/a><\/p>\n<p><a href=\"https:\/\/completa-hausverwaltung.de\/index.php\/offene-stellen\/\"><strong>Karriere | Offene Stellen<\/strong><\/a><\/p>\n<p><strong><a href=\"https:\/\/completa-hausverwaltung.de\/index.php\/praktikumsplaetze\/\">Karriere | Praktikumspl\u00e4tze<\/a><\/strong><\/p>\n<p>[\/et_pb_text][\/et_pb_column][et_pb_column type=&#8220;1_4&#8243; _builder_version=&#8220;3.25&#8243; custom_padding=&#8220;|||&#8220; custom_padding__hover=&#8220;|||&#8220;][et_pb_text _builder_version=&#8220;3.19.11&#8243; text_font=&#8220;||||||||&#8220; header_font=&#8220;||||||||&#8220; border_color_all=&#8220;#2da8ef&#8220; border_width_bottom=&#8220;2px&#8220;]<\/p>\n<h2>Verbraucher-informationen<\/h2>\n<p>[\/et_pb_text][et_pb_text _builder_version=&#8220;3.25.3&#8243;]<\/p>\n<p><b>Tel.\u00a0<\/b>+49 (0)3378 | 4490 313<\/p>\n<p><a href=\"https:\/\/completa-hausverwaltung.de\/index.php\/agb\/\"><strong>AGB<\/strong><\/a><\/p>\n<p><a href=\"https:\/\/completa-hausverwaltung.de\/index.php\/haftung\/\"><strong>Haftung<\/strong><\/a><\/p>\n<p><a href=\"https:\/\/completa-hausverwaltung.de\/index.php\/impressum\/\"><strong>Impressum<\/strong><\/a><\/p>\n<p><a href=\"https:\/\/completa-hausverwaltung.de\/index.php\/datenschutzerklaerung\/\"><strong><\/strong><\/a><a href=\"https:\/\/completa-hausverwaltung.de\/index.php\/datenschutzerklaerung\/\" title=\"Datenschutz |\"><strong>Datenschutz |<\/strong><strong> <\/strong><\/a><a href=\"https:\/\/dsgvo-gesetz.de\/\" target=\"_blank\" rel=\"noopener noreferrer\" title=\"EU-DSGVO\"><strong>EU-DSGVO<\/strong><strong><\/strong><\/a><\/p>\n<p><a href=\"https:\/\/completa-hausverwaltung.de\/index.php\/widerrufsrecht\/\"><strong>Widerrufsrecht f\u00fcr Verbraucher<\/strong><\/a><\/p>\n<p>[\/et_pb_text][\/et_pb_column][et_pb_column type=&#8220;1_4&#8243; _builder_version=&#8220;3.25&#8243; custom_padding=&#8220;|||&#8220; custom_padding__hover=&#8220;|||&#8220;][et_pb_text _builder_version=&#8220;3.19.11&#8243; text_font=&#8220;||||||||&#8220; text_text_color=&#8220;#2da8ef&#8220; border_color_all=&#8220;#2da8ef&#8220; border_width_bottom=&#8220;2px&#8220;]<\/p>\n<h2>Newsletter<\/h2>\n<p>&nbsp;<\/p>\n<p>[\/et_pb_text][et_pb_contact_form captcha=&#8220;off&#8220; success_message=&#8220;Vielen Dank f\u00fcr das Newsletterabonnement. Sie k\u00f6nnen den Newsletter zu jederzeit wieder abstellen.&#8220; submit_button_text=&#8220;Newsletter abonnieren&#8220; _builder_version=&#8220;3.23&#8243; form_field_background_color=&#8220;rgba(216,216,216,0.69)&#8220; title_font=&#8220;||||||||&#8220; form_field_font=&#8220;||||||||&#8220; form_field_text_align=&#8220;left&#8220; form_field_line_height=&#8220;1em&#8220; custom_button=&#8220;on&#8220; button_text_size=&#8220;16px&#8220; button_text_color=&#8220;#ffffff&#8220; button_bg_color=&#8220;#2da8ef&#8220; button_bg_color_gradient_start=&#8220;#ffffff&#8220; button_bg_color_gradient_end=&#8220;#ffffff&#8220; button_bg_color_gradient_direction_radial=&#8220;top left&#8220; button_bg_color_gradient_end_position=&#8220;0%&#8220; button_border_width=&#8220;2px&#8220; button_border_color=&#8220;#2da8ef&#8220; button_border_radius=&#8220;0px&#8220; button_font=&#8220;Open Sans|600|||||||&#8220; button_use_icon=&#8220;off&#8220; box_shadow_style_button=&#8220;preset2&#8243; box_shadow_blur_button=&#8220;22px&#8220; box_shadow_spread_button=&#8220;-1px&#8220; box_shadow_color_button=&#8220;#2da8ef&#8220; text_orientation=&#8220;left&#8220; max_width=&#8220;95%&#8220; module_alignment=&#8220;left&#8220; custom_margin=&#8220;|||&#8220; custom_css_main_element=&#8220;text-align: center;&#8220; custom_css_contact_button=&#8220;text-align: center;||margin-top: 10px;||width: 100%;||margin-left:0!important;||margin-right:0;&#8220; form_background_color=&#8220;rgba(216,216,216,0.69)&#8220; form_background_color__hover_enabled=&#8220;on&#8220; form_background_color__hover=&#8220;#d6d6d6&#8243; button_text_color__hover_enabled=&#8220;on&#8220; button_text_color__hover=&#8220;#ffffff&#8220; form_field_background_color__hover_enabled=&#8220;on&#8220; form_field_background_color__hover=&#8220;#d6d6d6&#8243;][et_pb_contact_field field_id=&#8220;newsletter-email&#8220; field_title=&#8220;E-Mail Adresse&#8220; field_type=&#8220;email&#8220; fullwidth_field=&#8220;on&#8220; _builder_version=&#8220;3.18.4&#8243; border_radii=&#8220;|10px|10px|10px|10px&#8220; border_width_all=&#8220;1px&#8220; border_color_all=&#8220;#999999&#8243;][\/et_pb_contact_field][\/et_pb_contact_form][\/et_pb_column][\/et_pb_row][\/et_pb_section]<\/p>\n","protected":false},"excerpt":{"rendered":"<p>[et_pb_section fb_built=&#8220;1&#8243; _builder_version=&#8220;3.22.3&#8243;][et_pb_row _builder_version=&#8220;3.25&#8243;][et_pb_column type=&#8220;4_4&#8243; _builder_version=&#8220;3.25&#8243; custom_padding=&#8220;|||&#8220; custom_padding__hover=&#8220;|||&#8220;][et_pb_text _builder_version=&#8220;3.19.11&#8243;] Haftungsausschluss &nbsp; Die Inhalte unserer Seiten wurden mit gr\u00f6\u00dfter Sorgfalt erstellt. F\u00fcr die Richtigkeit, Vollst\u00e4ndigkeit, Qualit\u00e4t und Aktualit\u00e4t der Inhalte k\u00f6nnen wir jedoch keine Gew\u00e4hr \u00fcbernehmen. Als Diensteanbieter sind wir gem\u00e4\u00df \u00a7 7 Abs.1 TMG f\u00fcr eigene Inhalte auf diesen Seiten nach den allgemeinen Gesetzen verantwortlich. [&hellip;]<\/p>\n","protected":false},"author":1,"featured_media":0,"parent":0,"menu_order":0,"comment_status":"closed","ping_status":"closed","template":"","meta":{"_et_pb_use_builder":"on","_et_pb_old_content":""},"yoast_head":"<!-- This site is optimized with the Yoast SEO plugin v16.0.1 - https:\/\/yoast.com\/wordpress\/plugins\/seo\/ -->\n<title>Completa Hausverwaltung - Haftungsausschluss<\/title>\n<meta name=\"description\" content=\"Haftungsausschluss - Klicken Sie hier f\u00fcr weitere Informationen\" \/>\n<link rel=\"canonical\" href=\"https:\/\/completa-hausverwaltung.de\/index.php\/haftung\/\" \/>\n<meta property=\"og:locale\" content=\"de_DE\" \/>\n<meta property=\"og:type\" content=\"article\" \/>\n<meta property=\"og:title\" content=\"Completa Hausverwaltung - Haftungsausschluss\" \/>\n<meta property=\"og:description\" content=\"Haftungsausschluss - Klicken Sie hier f\u00fcr weitere Informationen\" \/>\n<meta property=\"og:url\" content=\"https:\/\/completa-hausverwaltung.de\/index.php\/haftung\/\" \/>\n<meta property=\"og:site_name\" content=\"Completa Hausverwaltung\" \/>\n<meta property=\"article:modified_time\" content=\"2020-07-02T11:48:20+00:00\" \/>\n<meta name=\"twitter:card\" content=\"summary_large_image\" \/>\n<meta name=\"twitter:label1\" content=\"Gesch\u00e4tzte Lesezeit\">\n\t<meta name=\"twitter:data1\" content=\"4\u00a0Minuten\">\n<script type=\"application\/ld+json\" class=\"yoast-schema-graph\">{\"@context\":\"https:\/\/schema.org\",\"@graph\":[{\"@type\":\"WebSite\",\"@id\":\"https:\/\/completa-hausverwaltung.de\/#website\",\"url\":\"https:\/\/completa-hausverwaltung.de\/\",\"name\":\"Completa Hausverwaltung\",\"description\":\"\",\"potentialAction\":[{\"@type\":\"SearchAction\",\"target\":\"https:\/\/completa-hausverwaltung.de\/?s={search_term_string}\",\"query-input\":\"required name=search_term_string\"}],\"inLanguage\":\"de\"},{\"@type\":\"WebPage\",\"@id\":\"https:\/\/completa-hausverwaltung.de\/index.php\/haftung\/#webpage\",\"url\":\"https:\/\/completa-hausverwaltung.de\/index.php\/haftung\/\",\"name\":\"Completa Hausverwaltung - Haftungsausschluss\",\"isPartOf\":{\"@id\":\"https:\/\/completa-hausverwaltung.de\/#website\"},\"datePublished\":\"2019-02-02T17:52:47+00:00\",\"dateModified\":\"2020-07-02T11:48:20+00:00\",\"description\":\"Haftungsausschluss - Klicken Sie hier f\\u00fcr weitere Informationen\",\"breadcrumb\":{\"@id\":\"https:\/\/completa-hausverwaltung.de\/index.php\/haftung\/#breadcrumb\"},\"inLanguage\":\"de\",\"potentialAction\":[{\"@type\":\"ReadAction\",\"target\":[\"https:\/\/completa-hausverwaltung.de\/index.php\/haftung\/\"]}]},{\"@type\":\"BreadcrumbList\",\"@id\":\"https:\/\/completa-hausverwaltung.de\/index.php\/haftung\/#breadcrumb\",\"itemListElement\":[{\"@type\":\"ListItem\",\"position\":1,\"item\":{\"@type\":\"WebPage\",\"@id\":\"https:\/\/completa-hausverwaltung.de\/\",\"url\":\"https:\/\/completa-hausverwaltung.de\/\",\"name\":\"Startseite\"}},{\"@type\":\"ListItem\",\"position\":2,\"item\":{\"@type\":\"WebPage\",\"@id\":\"https:\/\/completa-hausverwaltung.de\/index.php\/haftung\/\",\"url\":\"https:\/\/completa-hausverwaltung.de\/index.php\/haftung\/\",\"name\":\"Haftung\"}}]}]}<\/script>\n<!-- \/ Yoast SEO plugin. -->","_links":{"self":[{"href":"https:\/\/completa-hausverwaltung.de\/index.php\/wp-json\/wp\/v2\/pages\/40"}],"collection":[{"href":"https:\/\/completa-hausverwaltung.de\/index.php\/wp-json\/wp\/v2\/pages"}],"about":[{"href":"https:\/\/completa-hausverwaltung.de\/index.php\/wp-json\/wp\/v2\/types\/page"}],"author":[{"embeddable":true,"href":"https:\/\/completa-hausverwaltung.de\/index.php\/wp-json\/wp\/v2\/users\/1"}],"replies":[{"embeddable":true,"href":"https:\/\/completa-hausverwaltung.de\/index.php\/wp-json\/wp\/v2\/comments?post=40"}],"version-history":[{"count":9,"href":"https:\/\/completa-hausverwaltung.de\/index.php\/wp-json\/wp\/v2\/pages\/40\/revisions"}],"predecessor-version":[{"id":2136,"href":"https:\/\/completa-hausverwaltung.de\/index.php\/wp-json\/wp\/v2\/pages\/40\/revisions\/2136"}],"wp:attachment":[{"href":"https:\/\/completa-hausverwaltung.de\/index.php\/wp-json\/wp\/v2\/media?parent=40"}],"curies":[{"name":"wp","href":"https:\/\/api.w.org\/{rel}","templated":true}]}}