{"id":39,"date":"2019-02-02T18:52:47","date_gmt":"2019-02-02T17:52:47","guid":{"rendered":"https:\/\/completa-hausverwaltung.de\/?page_id=39"},"modified":"2020-07-03T12:16:50","modified_gmt":"2020-07-03T10:16:50","slug":"agb","status":"publish","type":"page","link":"https:\/\/completa-hausverwaltung.de\/index.php\/agb\/","title":{"rendered":"AGB"},"content":{"rendered":"<p>[et_pb_section fb_built=&#8220;1&#8243; _builder_version=&#8220;3.22.3&#8243;][et_pb_row _builder_version=&#8220;3.25&#8243;][et_pb_column type=&#8220;4_4&#8243; _builder_version=&#8220;3.25&#8243; custom_padding=&#8220;|||&#8220; custom_padding__hover=&#8220;|||&#8220;][et_pb_text _builder_version=&#8220;3.25.3&#8243;]<\/p>\n<h1>Allgemeine Gesch\u00e4ftsbedingungen<\/h1>\n<p>&nbsp;<\/p>\n<div>\n<p>1. Die Gesch\u00e4ftsbedingungen gelten f\u00fcr alle gegenw\u00e4rtigen und zuk\u00fcnftigen Gesch\u00e4ftsbeziehungen.<\/p>\n<p>2. Verbraucher im Sinne der Gesch\u00e4ftsbedingungen sind nat\u00fcrliche Personen, mit denen in Gesch\u00e4ftsbeziehung getreten wird, ohne da\u00df diesen eine gewerbliche oder selbst\u00e4ndige berufliche T\u00e4tigkeit zugerechnet werden kann. Unternehmer im Sinne der Gesch\u00e4ftsbedingungen sind nat\u00fcrliche oder juristische Personen oder rechtsf\u00e4hige Personengesellschaften, mit denen in Gesch\u00e4ftsbeziehung getreten wird, die in Aus\u00fcbung einer gewerblichen oder selbst\u00e4ndigen beruflichen T\u00e4tigkeit handeln. Kunde im Sinne der Gesch\u00e4ftsbedingungen sind sowohl Verbraucher als auch Unternehmer.<\/p>\n<p>3. Widerrufsrecht: Sie haben das Recht, innerhalb von vierzehn (14) Tagen ohne Angabe von Gr\u00fcnden die mit COMPLETA Immobilien GmbH (HRB 153 172 B), vertreten durch den Gesch\u00e4ftsf\u00fchrer, mit Sitz in Karl-Marx-Str. 133a, 12529 Sch\u00f6nefeld OT Gro\u00dfziethen, geschlossenen Vertr\u00e4ge zu widerrufen, wenn diese Vertr\u00e4ge dem Widerspruchsrecht unterliegen (Haust\u00fcrgesch\u00e4fte und Fernabsatzvertr\u00e4ge). Die Widerrufsfrist betr\u00e4gt vierzehn (14) Tage ab dem Tag des Vertragsabschlusses. Um Ihr Widerrufsrecht auszu\u00fcben, m\u00fcssen Sie uns, COMPLETA Immobilien GmbH (HRB 153 172 B), vertreten durch den Gesch\u00e4ftsf\u00fchrer, mit Sitz in Karl-Marx-Str. 133a, 12529 Sch\u00f6nefeld OT Gro\u00dfziethen, mittels einer eindeutigen Erkl\u00e4rung \u2013 z. B. ein mit der Post versandter Brief, Telefax oder E-Mail \u2013 \u00fcber Ihren Entschluss, diesen Vertrag zu widerrufen, informieren. Den Widerruf richten sie bitte an:<\/p>\n<p><strong>COMPLETA immobilien GmbH<\/strong><br \/> Zu H\u00e4nden der Gesch\u00e4ftsleitung<br \/> Karl-Marx-Str. 133a<br \/>\n12529 Sch\u00f6nefeld OT Gro\u00dfziethen<br \/> Tel. +49 (0)30 | 6260 8100<br \/> Tel. +49 (0)3379 | 4490 313<\/p>\n<p>Zur Wahrung der Widerrufsfrist reicht es aus, dass Sie die Mitteilung \u00fcber die Aus\u00fcbung des Widerrufsrechts vor Ablauf der Wider-rufsfrist absenden.<\/p>\n<p>Folgen des Widerrufs: Wenn Sie einen Vertrag widerrufen, haben wir Ihnen alle Zahlungen, die wir von Ihnen erhalten haben, unverz\u00fcglich und sp\u00e4testens binnen vierzehn Tagen ab dem Tag zur\u00fcckzuzahlen, an dem die Mitteilung \u00fcber Ihren Widerruf dieses Vertrags bei uns eingegangen ist. F\u00fcr diese R\u00fcckzahlung verwenden wir dasselbe Zahlungsmittel, das Sie bei der urspr\u00fcnglichen Transaktion eingesetzt haben, es sei denn, mit Ihnen wurde ausdr\u00fccklich etwas anderes vereinbart; in keinem Fall werden Ihnen wegen dieser R\u00fcckzahlung Entgelte berechnet. Haben Sie verlangt, dass die Dienstleistungen w\u00e4hrend der Widerrufsfrist beginnen soll, so haben Sie uns einen angemessenen Betrag zu zahlen, der dem Anteil der bis zu dem Zeitpunkt, zu dem Sie uns von der Aus\u00fcbung des Widerrufsrechts hinsichtlich dieses Ver-trags unterrichten, bereits erbrachten Dienstleistungen im Vergleich zum Gesamtumfang der im Vertrag vorgesehenen Dienstlei-stungen entspricht.<\/p>\n<p>4. Die nachfolgend aufgef\u00fchrten Provisionss\u00e4tze gelten f\u00fcr die Vermittlung des Abschlusses oder den Nachweis der Gelegenheit zum Abschluss von Vertr\u00e4gen \u00fcber Grundst\u00fccke, Grundst\u00fccksgleiche Rechte, gewerbliche R\u00e4ume und Wohnr\u00e4ume:<\/p>\n<p>K\u00e4ufer- und \/ oder Verk\u00e4uferprovision:<\/p>\n<ul>\n<li>Vermietung von Wohnraum: Zwei Monats-netto-kalt-Mieten zzgl. der gesetzlichen Umsatzsteuer (2,38 Monats-netto-kalt-Mieten inkl. der gesetzlichen Umsatzsteuer)<\/li>\n<li>Vermietung von Gewerberaum: Mindestens Zwei, maximal Vier Monats-netto-kalt-Mieten (mindestens 2,38 und maximal 4,76 Monats-netto-kalt-Mieten inkl. der gesetzlichen Umsatzsteuer)<\/li>\n<li>Verkauf von Grundst\u00fccken und grundst\u00fccksgleichen Rechten (bebaut\/unbebaut): 6 % des beurkundeten Kaufpreises zzgl. der gesetzlichen Umsatzsteuer (7,14 % inkl. der gesetzlichen Umsatzsteuer)<\/li>\n<li>Verkauf von Wohnungs- und Teileigentum: 6 % des beurkundeten Kaufpreises zzgl. der gesetzlichen Umsatzsteuer (7,14 % inkl. der gesetzlichen Umsatzsteuer)<\/li>\n<li>Bei durch Lage und\/oder Beschaffenheit sowie sonstige verkaufserschwerende Merkmale sehr schwer zu ver\u00e4u\u00dfernde Immobilien kann und darf eine h\u00f6here Maklercourtage mit dem Verk\u00e4ufer vereinbart werden<\/li>\n<\/ul>\n<p>5. Der Provisionsanspruch ist bei Abschluss des Hauptvertrages f\u00e4llig und sofort zahlbar. Bei Verzug gilt ein Zinssatz von 5 %, bei Kaufleuten und Gewerbetreibenen von 8% \u00fcber dem Basiszinssatz der EZB (Europ\u00e4isch-Zentral-Bank), auf die Hauptforderung als vereinbart. Der Provisionssatz gilt grunds\u00e4tzlich immer zzgl. der jeweiligen geltenden Umsatzsteuer. Der Provisionsanspruch entsteht auch, wenn der Vertrag zu Bedingungen abgeschlossen wird, die vom Angebot abweichen. Er entsteht also z.B. auch bei Erbbaurecht statt Kauf, Miete statt Kauf, Kauf statt Miete. Der Anspruch entsteht ferner, wenn vertragliche Erweiterungen und Erg\u00e4nzungen zustande kommen, die in einem zeitlichen und wirtschaftlichen Zusammenhang mit dem ersten Vertrag stehen.<\/p>\n<p>6. Als Hauptvertrag gilt im gesetzlich zul\u00e4ssigen Rahmen jeder Vertragsabschluss des Auftraggebers mit einem Dritten, sofern der Abschluss auf einer Information, einer Mitwirkung oder einer sonstigen T\u00e4tigkeit des Maklers beruht und der mit dem Maklervertrag erstrebte Zweck erreicht wird. Im Sinne der vorstehenden Bestimmungen gilt auch der Erwerb im Wege der Zwangsversteigerung als Hauptvertrag.<\/p>\n<p>7. Der Maklervertrag kommt mit der Anforderung (auch m\u00fcndlich) sowie der \u00dcbersendung des Angebotes\/Expos\u00e8s durch den Makler zustande. Ist dem Auftraggeber ein Objekt bekannt, wird dieser es zur\u00fcckweisen unter Hinweis darauf wann und auf welche Weise er seine Vorkenntnis erlangt hat. Verletzt der Auftraggeber diese Verpflichtung, schuldet er trotz Vorkenntnis die vereinbarte Provision im Falle des Abschlusses eines Hauptvertrages.<\/p>\n<p>8. Der Auftraggeber ist bez\u00fcglich der ihm unterbreiteten Angebote zur Vertraulichkeit verpflichtet und nicht befugt, im Zu-sammenhang mit dem Maklervertrag erlangte Kenntnisse, insbesondere Angaben \u00fcber ihm angebotene Objekte oder Ver-kaufsinteressenten an Dritte weiterzugeben. F\u00fchrt eine Verletzung dieser Verpflichtung zum Abschluss eines Hauptvertrages i. S. der Ziff. 2 dieser Gesch\u00e4ftsbedingungen, ist an den Makler einen Schadenersatz in H\u00f6he der zu Ziff. 1. dieser Gesch\u00e4ftsbedingungen aufgef\u00fchrten Provision zu zahlen.<\/p>\n<p>9. Die Angebotsangaben basieren in der Regel auf Eigent\u00fcmerangaben oder Angaben Dritter, f\u00fcr deren Richtigkeit der Makler nicht haftet. Der Makler hat dem Auftraggeber von allen Umst\u00e4nden Kenntnis zu geben, die f\u00fcr eine Kaufentscheidung von Bedeutung sein k\u00f6nnen, soweit sie ihm selbst bekannt sind; besondere Nachforschungen braucht der Makler diesbez\u00fcglich nicht anzustellen. Die Angebote erfolgen stets freibleibend und unverbindlich, eine Haftung des Maklers im Falle von Zwischenverkauf\/-vermietung ist ausgeschlossen. Der Makler \u00fcbernimmt keine Haftung f\u00fcr eine vom Auftraggeber in Aussicht genommene Finanzierung, selbst wenn er insoweit behilflich ist. Die Haftung wird auf grob fahrl\u00e4ssiges oder vors\u00e4tzliches Verhalten begrenzt, soweit der Auftraggeber durch das Verhalten des Maklers keinen K\u00f6rperschaden erleidet oder sein Leben verliert.<\/p>\n<p>10. Steht einem Dritten an dem nachgewiesenen Objekt ein Vorkaufsrecht zu, wird der Auftraggeber folgende Vertragsbestimmung in den Hauptvertrag aufnehmen: \u201eDer K\u00e4ufer ist zur Verg\u00fctung des Maklers auch f\u00fcr den Fall der Aus\u00fcbung des Vorkaufsrechtes verpflichtet. Mit Aus\u00fcbung des Vorkaufsrechtes \u00fcbernimmt der Vorkaufsberechtigte auch die Verpflichtung zur Entrichtung der Maklerverg\u00fctung\u201c oder der Auftraggeber verpflichtet sich, eine entsprechende Maklerklausel in den Vertrag aufnehmen. Im Falle der Verletzung ist der Auftraggeber dem Makler in H\u00f6he der entgangenen Provision schadenersatzverpflichtet.<\/p>\n<p>11. Die vom Auftraggeber zu zahlende Provision wird durch eine von dritter Seite an den Makler zu zahlende Verg\u00fctung nicht ber\u00fchrt. Der Makler ist insoweit berechtigt, auch f\u00fcr den Verk\u00e4ufer\/Vermieter bei Abschluss des in Aussicht genommenen Vertrages t\u00e4tig zu werden (Doppelt\u00e4tigkeit).<\/p>\n<p>12. Im Falle, dass eine der vorstehenden Klauseln gegen zwingende gesetzliche Vorschriften verst\u00f6\u00dft, bleibt die Wirksamkeit des Vertrages im \u00dcbrigen unber\u00fchrt. An die Stelle der unwirksamen Bestimmung tritt diejenige gesetzliche Bestimmung, die nach den Interessen des Maklers der unwirksamen Bestimmung am n\u00e4chsten kommt.<\/p>\n<p>13. Der Auftraggeber verpflichtet sich, bei Abschluss des Hauptvertrages f\u00fcr die Aufnahme einer Maklerklausel in diesen Vertrag Sorge zu tragen. Im Versto\u00dffalle tr\u00e4gt der Auftraggeber die Beweislast f\u00fcr das Nichtbestehen eines Provisionsanspruches des Maklers, sofern es zu einer Auseinandersetzung \u00fcber die Frage der Provisionsverpflichtung des Auftraggebers kommt.<\/p>\n<p>14. \u00c4nderungen der vorstehenden Vertragsbedingungen sind nur wirksam, wenn sie zwischen den Parteien dieses Vertrages schriftlich vereinbart sind oder schriftlich ausdr\u00fccklich und im gegenseitigen Einvernehmen von beiden Seiten best\u00e4tigt worden sind. M\u00fcndliche Nebenabreden erhalten erst dann ihre G\u00fcltigkeit, wenn sie schriftlich vereinbart worden sind.<br \/> 15. Digitale Abbildungen auf unseren Internetseiten, Abdrucke in Expose`s und\/oder Prospekten sowie dem Kunden zur Verf\u00fcgung gestellte Muster dienen stets nur als Anhaltspunkte und stellen keine Zusicherung dar. Abweichungen sind m\u00f6glich und zul\u00e4ssig.<br \/> 16. F\u00fcr Streitigkeiten aus diesem Rechtsverh\u00e4ltnis mit Unternehmern ist ausschlie\u00dflich das Amtsgericht Berlin \u2013 Neuk\u00f6lln am Sitz von Completa Immobilien zust\u00e4ndig; f\u00fcr Streitigkeiten aus diesem Rechtsverh\u00e4ltnis mit Verbrauchern ist der Wohnsitz des Verbrauchers zust\u00e4ndig. Das Vertragsverh\u00e4ltnis unterliegt deutschem Recht.<\/p>\n<\/div>\n<p>[\/et_pb_text][\/et_pb_column][\/et_pb_row][\/et_pb_section][et_pb_section fb_built=&#8220;1&#8243; _builder_version=&#8220;3.22.3&#8243; global_module=&#8220;2120&#8243; saved_tabs=&#8220;all&#8220;][et_pb_row column_structure=&#8220;1_4,1_4,1_4,1_4&#8243; _builder_version=&#8220;3.25&#8243;][et_pb_column type=&#8220;1_4&#8243; _builder_version=&#8220;3.25&#8243; custom_padding=&#8220;|||&#8220; custom_padding__hover=&#8220;|||&#8220;][et_pb_text _builder_version=&#8220;3.19.11&#8243; text_font=&#8220;||||||||&#8220; text_text_color=&#8220;#2da8ef&#8220; border_color_all=&#8220;#0dbde0&#8243; border_width_bottom=&#8220;2px&#8220; border_color_bottom=&#8220;#2da8ef&#8220;]<\/p>\n<h2>Hier finden Sie uns<\/h2>\n<p>&nbsp;<\/p>\n<p>[\/et_pb_text][et_pb_text _builder_version=&#8220;3.25.3&#8243; text_font=&#8220;||||||||&#8220; header_font=&#8220;||||||||&#8220; header_3_font=&#8220;||||||||&#8220; header_3_text_align=&#8220;left&#8220; header_3_font_size=&#8220;25px&#8220; custom_padding=&#8220;|||&#8220; custom_css_before=&#8220;border-bottom: 1px solid orange;&#8220;]<\/p>\n<p><strong>Adresse<br \/> <\/strong>Karl-Marx-Str. 133a<br \/>12529 Sch\u00f6nefeld OT Gro\u00dfziethen<\/p>\n<p><strong>\u00d6ffnungszeiten<br \/> <\/strong>Montag bis Freitag: 9-18 Uhr<\/p>\n<div class=\"col-md-4 col-lg-4\">\n<aside id=\"text-2\" class=\"cols-4 widget-column-1 widget_text footercont\">\n<div class=\"textwidget\">\n<p>Samstag, Sonntag und au\u00dferhalb der Gesch\u00e4ftszeiten nur nach Vereinbarung<\/p>\n<\/div>\n<\/aside>\n<\/div>\n<p>[\/et_pb_text][\/et_pb_column][et_pb_column type=&#8220;1_4&#8243; _builder_version=&#8220;3.25&#8243; custom_padding=&#8220;|||&#8220; custom_padding__hover=&#8220;|||&#8220;][et_pb_text _builder_version=&#8220;3.19.11&#8243; text_font=&#8220;||||||||&#8220; text_text_color=&#8220;#2da8ef&#8220; border_color_all=&#8220;#0dbde0&#8243; border_width_bottom=&#8220;2px&#8220; border_color_bottom=&#8220;#2da8ef&#8220;]<\/p>\n<h2>Kontakt | E-Mail<\/h2>\n<p>&nbsp;<\/p>\n<p>[\/et_pb_text][et_pb_text _builder_version=&#8220;3.19.11&#8243;]<\/p>\n<p><b>Tel.\u00a0<\/b>+49 (0)30 | 6260 8100<\/p>\n<p><a href=\"https:\/\/completa-hausverwaltung.de\/index.php\/kontakt\/\"><strong>E-Mail senden<\/strong><\/a><\/p>\n<p><a href=\"https:\/\/completa-hausverwaltung.de\/index.php\/widerrufsrecht\/\"><strong>Widerrufsrecht | Formular<\/strong><\/a><\/p>\n<p><a href=\"https:\/\/completa-hausverwaltung.de\/index.php\/offene-stellen\/\"><strong>Karriere | Offene Stellen<\/strong><\/a><\/p>\n<p><strong><a href=\"https:\/\/completa-hausverwaltung.de\/index.php\/praktikumsplaetze\/\">Karriere | Praktikumspl\u00e4tze<\/a><\/strong><\/p>\n<p>[\/et_pb_text][\/et_pb_column][et_pb_column type=&#8220;1_4&#8243; _builder_version=&#8220;3.25&#8243; custom_padding=&#8220;|||&#8220; custom_padding__hover=&#8220;|||&#8220;][et_pb_text _builder_version=&#8220;3.19.11&#8243; text_font=&#8220;||||||||&#8220; header_font=&#8220;||||||||&#8220; border_color_all=&#8220;#2da8ef&#8220; border_width_bottom=&#8220;2px&#8220;]<\/p>\n<h2>Verbraucher-informationen<\/h2>\n<p>[\/et_pb_text][et_pb_text _builder_version=&#8220;3.25.3&#8243;]<\/p>\n<p><b>Tel.\u00a0<\/b>+49 (0)3379 | 4490 313<\/p>\n<p><a href=\"https:\/\/completa-hausverwaltung.de\/index.php\/agb\/\"><strong>AGB<\/strong><\/a><\/p>\n<p><a href=\"https:\/\/completa-hausverwaltung.de\/index.php\/haftung\/\"><strong>Haftung<\/strong><\/a><\/p>\n<p><a href=\"https:\/\/completa-hausverwaltung.de\/index.php\/impressum\/\"><strong>Impressum<\/strong><\/a><\/p>\n<p><a href=\"https:\/\/completa-hausverwaltung.de\/index.php\/datenschutzerklaerung\/\"><strong><\/strong><\/a><a href=\"https:\/\/completa-hausverwaltung.de\/index.php\/datenschutzerklaerung\/\" title=\"Datenschutz |\"><strong>Datenschutz |<\/strong><strong> <\/strong><\/a><a href=\"https:\/\/dsgvo-gesetz.de\/\" target=\"_blank\" rel=\"noopener noreferrer\" title=\"EU-DSGVO\"><strong>EU-DSGVO<\/strong><strong><\/strong><\/a><\/p>\n<p><a href=\"https:\/\/completa-hausverwaltung.de\/index.php\/widerrufsrecht\/\"><strong>Widerrufsrecht f\u00fcr Verbraucher<\/strong><\/a><\/p>\n<p>[\/et_pb_text][\/et_pb_column][et_pb_column type=&#8220;1_4&#8243; _builder_version=&#8220;3.25&#8243; custom_padding=&#8220;|||&#8220; custom_padding__hover=&#8220;|||&#8220;][et_pb_text _builder_version=&#8220;3.19.11&#8243; text_font=&#8220;||||||||&#8220; text_text_color=&#8220;#2da8ef&#8220; border_color_all=&#8220;#2da8ef&#8220; border_width_bottom=&#8220;2px&#8220;]<\/p>\n<h2>Newsletter<\/h2>\n<p>&nbsp;<\/p>\n<p>[\/et_pb_text][et_pb_contact_form captcha=&#8220;off&#8220; success_message=&#8220;Vielen Dank f\u00fcr das Newsletterabonnement. Sie k\u00f6nnen den Newsletter zu jederzeit wieder abstellen.&#8220; submit_button_text=&#8220;Newsletter abonnieren&#8220; _builder_version=&#8220;3.23&#8243; form_field_background_color=&#8220;rgba(216,216,216,0.69)&#8220; title_font=&#8220;||||||||&#8220; form_field_font=&#8220;||||||||&#8220; form_field_text_align=&#8220;left&#8220; form_field_line_height=&#8220;1em&#8220; custom_button=&#8220;on&#8220; button_text_size=&#8220;16px&#8220; button_text_color=&#8220;#ffffff&#8220; button_bg_color=&#8220;#2da8ef&#8220; button_bg_color_gradient_start=&#8220;#ffffff&#8220; button_bg_color_gradient_end=&#8220;#ffffff&#8220; button_bg_color_gradient_direction_radial=&#8220;top left&#8220; button_bg_color_gradient_end_position=&#8220;0%&#8220; button_border_width=&#8220;2px&#8220; button_border_color=&#8220;#2da8ef&#8220; button_border_radius=&#8220;0px&#8220; button_font=&#8220;Open Sans|600|||||||&#8220; button_use_icon=&#8220;off&#8220; box_shadow_style_button=&#8220;preset2&#8243; box_shadow_blur_button=&#8220;22px&#8220; box_shadow_spread_button=&#8220;-1px&#8220; box_shadow_color_button=&#8220;#2da8ef&#8220; text_orientation=&#8220;left&#8220; max_width=&#8220;95%&#8220; module_alignment=&#8220;left&#8220; custom_margin=&#8220;|||&#8220; custom_css_main_element=&#8220;text-align: center;&#8220; custom_css_contact_button=&#8220;text-align: center;||margin-top: 10px;||width: 100%;||margin-left:0!important;||margin-right:0;&#8220; form_background_color=&#8220;rgba(216,216,216,0.69)&#8220; form_background_color__hover_enabled=&#8220;on&#8220; form_background_color__hover=&#8220;#d6d6d6&#8243; button_text_color__hover_enabled=&#8220;on&#8220; button_text_color__hover=&#8220;#ffffff&#8220; form_field_background_color__hover_enabled=&#8220;on&#8220; form_field_background_color__hover=&#8220;#d6d6d6&#8243;][et_pb_contact_field field_id=&#8220;newsletter-email&#8220; field_title=&#8220;E-Mail Adresse&#8220; field_type=&#8220;email&#8220; fullwidth_field=&#8220;on&#8220; _builder_version=&#8220;3.18.4&#8243; border_radii=&#8220;|10px|10px|10px|10px&#8220; border_width_all=&#8220;1px&#8220; border_color_all=&#8220;#999999&#8243;][\/et_pb_contact_field][\/et_pb_contact_form][\/et_pb_column][\/et_pb_row][\/et_pb_section]<\/p>\n","protected":false},"excerpt":{"rendered":"<p>[et_pb_section fb_built=&#8220;1&#8243; _builder_version=&#8220;3.22.3&#8243;][et_pb_row _builder_version=&#8220;3.25&#8243;][et_pb_column type=&#8220;4_4&#8243; _builder_version=&#8220;3.25&#8243; custom_padding=&#8220;|||&#8220; custom_padding__hover=&#8220;|||&#8220;][et_pb_text _builder_version=&#8220;3.25.3&#8243;] Allgemeine Gesch\u00e4ftsbedingungen &nbsp; 1. Die Gesch\u00e4ftsbedingungen gelten f\u00fcr alle gegenw\u00e4rtigen und zuk\u00fcnftigen Gesch\u00e4ftsbeziehungen. 2. Verbraucher im Sinne der Gesch\u00e4ftsbedingungen sind nat\u00fcrliche Personen, mit denen in Gesch\u00e4ftsbeziehung getreten wird, ohne da\u00df diesen eine gewerbliche oder selbst\u00e4ndige berufliche T\u00e4tigkeit zugerechnet werden kann. Unternehmer im Sinne der Gesch\u00e4ftsbedingungen sind [&hellip;]<\/p>\n","protected":false},"author":1,"featured_media":0,"parent":0,"menu_order":0,"comment_status":"closed","ping_status":"closed","template":"","meta":{"_et_pb_use_builder":"on","_et_pb_old_content":""},"yoast_head":"<!-- This site is optimized with the Yoast SEO plugin v16.0.1 - https:\/\/yoast.com\/wordpress\/plugins\/seo\/ -->\n<title>Completa Hausverwaltung - Allgemeine Gesch\u00e4ftsbedingungen<\/title>\n<meta name=\"description\" content=\"Allgemeine Gesch\u00e4ftsbedingungen - Klicken Sie hier f\u00fcr weitere Informationen\" \/>\n<link rel=\"canonical\" href=\"https:\/\/completa-hausverwaltung.de\/index.php\/agb\/\" \/>\n<meta property=\"og:locale\" content=\"de_DE\" \/>\n<meta property=\"og:type\" content=\"article\" \/>\n<meta property=\"og:title\" content=\"Completa Hausverwaltung - Allgemeine Gesch\u00e4ftsbedingungen\" \/>\n<meta property=\"og:description\" content=\"Allgemeine Gesch\u00e4ftsbedingungen - Klicken Sie hier f\u00fcr weitere Informationen\" \/>\n<meta property=\"og:url\" content=\"https:\/\/completa-hausverwaltung.de\/index.php\/agb\/\" \/>\n<meta property=\"og:site_name\" content=\"Completa Hausverwaltung\" \/>\n<meta property=\"article:modified_time\" content=\"2020-07-03T10:16:50+00:00\" \/>\n<meta name=\"twitter:card\" content=\"summary_large_image\" \/>\n<meta name=\"twitter:label1\" content=\"Gesch\u00e4tzte Lesezeit\">\n\t<meta name=\"twitter:data1\" content=\"9\u00a0Minuten\">\n<script type=\"application\/ld+json\" class=\"yoast-schema-graph\">{\"@context\":\"https:\/\/schema.org\",\"@graph\":[{\"@type\":\"WebSite\",\"@id\":\"https:\/\/completa-hausverwaltung.de\/#website\",\"url\":\"https:\/\/completa-hausverwaltung.de\/\",\"name\":\"Completa Hausverwaltung\",\"description\":\"\",\"potentialAction\":[{\"@type\":\"SearchAction\",\"target\":\"https:\/\/completa-hausverwaltung.de\/?s={search_term_string}\",\"query-input\":\"required name=search_term_string\"}],\"inLanguage\":\"de\"},{\"@type\":\"WebPage\",\"@id\":\"https:\/\/completa-hausverwaltung.de\/index.php\/agb\/#webpage\",\"url\":\"https:\/\/completa-hausverwaltung.de\/index.php\/agb\/\",\"name\":\"Completa Hausverwaltung - Allgemeine Gesch\\u00e4ftsbedingungen\",\"isPartOf\":{\"@id\":\"https:\/\/completa-hausverwaltung.de\/#website\"},\"datePublished\":\"2019-02-02T17:52:47+00:00\",\"dateModified\":\"2020-07-03T10:16:50+00:00\",\"description\":\"Allgemeine Gesch\\u00e4ftsbedingungen - Klicken Sie hier f\\u00fcr weitere Informationen\",\"breadcrumb\":{\"@id\":\"https:\/\/completa-hausverwaltung.de\/index.php\/agb\/#breadcrumb\"},\"inLanguage\":\"de\",\"potentialAction\":[{\"@type\":\"ReadAction\",\"target\":[\"https:\/\/completa-hausverwaltung.de\/index.php\/agb\/\"]}]},{\"@type\":\"BreadcrumbList\",\"@id\":\"https:\/\/completa-hausverwaltung.de\/index.php\/agb\/#breadcrumb\",\"itemListElement\":[{\"@type\":\"ListItem\",\"position\":1,\"item\":{\"@type\":\"WebPage\",\"@id\":\"https:\/\/completa-hausverwaltung.de\/\",\"url\":\"https:\/\/completa-hausverwaltung.de\/\",\"name\":\"Startseite\"}},{\"@type\":\"ListItem\",\"position\":2,\"item\":{\"@type\":\"WebPage\",\"@id\":\"https:\/\/completa-hausverwaltung.de\/index.php\/agb\/\",\"url\":\"https:\/\/completa-hausverwaltung.de\/index.php\/agb\/\",\"name\":\"AGB\"}}]}]}<\/script>\n<!-- \/ Yoast SEO plugin. -->","_links":{"self":[{"href":"https:\/\/completa-hausverwaltung.de\/index.php\/wp-json\/wp\/v2\/pages\/39"}],"collection":[{"href":"https:\/\/completa-hausverwaltung.de\/index.php\/wp-json\/wp\/v2\/pages"}],"about":[{"href":"https:\/\/completa-hausverwaltung.de\/index.php\/wp-json\/wp\/v2\/types\/page"}],"author":[{"embeddable":true,"href":"https:\/\/completa-hausverwaltung.de\/index.php\/wp-json\/wp\/v2\/users\/1"}],"replies":[{"embeddable":true,"href":"https:\/\/completa-hausverwaltung.de\/index.php\/wp-json\/wp\/v2\/comments?post=39"}],"version-history":[{"count":17,"href":"https:\/\/completa-hausverwaltung.de\/index.php\/wp-json\/wp\/v2\/pages\/39\/revisions"}],"predecessor-version":[{"id":2169,"href":"https:\/\/completa-hausverwaltung.de\/index.php\/wp-json\/wp\/v2\/pages\/39\/revisions\/2169"}],"wp:attachment":[{"href":"https:\/\/completa-hausverwaltung.de\/index.php\/wp-json\/wp\/v2\/media?parent=39"}],"curies":[{"name":"wp","href":"https:\/\/api.w.org\/{rel}","templated":true}]}}