{"id":135,"date":"2019-02-03T15:04:11","date_gmt":"2019-02-03T14:04:11","guid":{"rendered":"https:\/\/completa-hausverwaltung.de\/?page_id=135"},"modified":"2020-07-02T14:07:06","modified_gmt":"2020-07-02T12:07:06","slug":"haus-mietverwaltung-allgemeines","status":"publish","type":"page","link":"https:\/\/completa-hausverwaltung.de\/index.php\/haus-mietverwaltung-allgemeines\/","title":{"rendered":"Haus- \/ Mietverwaltung (Allgemeines)"},"content":{"rendered":"\n[et_pb_section fb_built=&#8220;1&#8243; fullwidth=&#8220;on&#8220; admin_label=&#8220;Hero Section&#8220; _builder_version=&#8220;3.22.3&#8243;][et_pb_fullwidth_header title=&#8220;Ratgeber&#8220; subhead=&#8220;Completa Hausverwaltung Ratgeber&#8220; background_overlay_color=&#8220;rgba(0,0,0,0.8)&#8220; content_max_width=&#8220;550px&#8220; _builder_version=&#8220;3.19.11&#8243; title_font=&#8220;Poppins|700||on|||||&#8220; title_text_color=&#8220;#2da8ef&#8220; title_font_size=&#8220;14px&#8220; title_letter_spacing=&#8220;2px&#8220; title_line_height=&#8220;1.4em&#8220; content_font=&#8220;Open Sans||||||||&#8220; content_font_size=&#8220;16px&#8220; content_letter_spacing=&#8220;1px&#8220; content_line_height=&#8220;2em&#8220; subhead_font=&#8220;Open Sans|700||on|||||&#8220; subhead_font_size=&#8220;48px&#8220; subhead_letter_spacing=&#8220;3px&#8220; subhead_line_height=&#8220;1.4em&#8220; background_color=&#8220;rgba(255, 255, 255, 0)&#8220; background_image=&#8220;https:\/\/completa-hausverwaltung.de\/wp-content\/uploads\/2019\/02\/consultant-08.jpg&#8220; parallax=&#8220;on&#8220; parallax_method=&#8220;on&#8220; custom_button_one=&#8220;on&#8220; button_one_border_width=&#8220;1px&#8220; button_one_border_color=&#8220;rgba(255,255,255,0.3)&#8220; button_one_border_radius=&#8220;0px&#8220; button_one_letter_spacing=&#8220;1px&#8220; button_one_font=&#8220;Saira Extra Condensed|600||on|||||&#8220; button_one_icon=&#8220;%%3%%&#8220; button_one_icon_color=&#8220;#edbb5f&#8220; custom_button_two=&#8220;on&#8220; button_two_border_width=&#8220;1px&#8220; button_two_border_color=&#8220;rgba(255,255,255,0.3)&#8220; button_two_border_radius=&#8220;0px&#8220; button_two_letter_spacing=&#8220;1px&#8220; button_two_font=&#8220;Saira Extra Condensed|600||on|||||&#8220; button_two_icon=&#8220;%%3%%&#8220; button_two_icon_color=&#8220;#edbb5f&#8220; module_alignment=&#8220;right&#8220; custom_margin=&#8220;|||&#8220; custom_padding=&#8220;8%||250px|&#8220; button_one_text_color_hover=&#8220;#edbb5f&#8220; button_two_text_color_hover=&#8220;#edbb5f&#8220; button_one_bg_color_hover=&#8220;rgba(0,0,0,0)&#8220; button_two_bg_color_hover=&#8220;rgba(0,0,0,0)&#8220; button_one_text_size__hover_enabled=&#8220;off&#8220; button_two_text_size__hover_enabled=&#8220;off&#8220; button_one_text_color__hover_enabled=&#8220;on&#8220; button_one_text_color__hover=&#8220;#edbb5f&#8220; button_two_text_color__hover_enabled=&#8220;on&#8220; button_two_text_color__hover=&#8220;#edbb5f&#8220; button_one_border_width__hover_enabled=&#8220;off&#8220; button_two_border_width__hover_enabled=&#8220;off&#8220; button_one_border_color__hover_enabled=&#8220;off&#8220; button_two_border_color__hover_enabled=&#8220;off&#8220; button_one_border_radius__hover_enabled=&#8220;off&#8220; button_two_border_radius__hover_enabled=&#8220;off&#8220; button_one_letter_spacing__hover_enabled=&#8220;off&#8220; button_two_letter_spacing__hover_enabled=&#8220;off&#8220; button_one_bg_color__hover_enabled=&#8220;on&#8220; button_one_bg_color__hover=&#8220;rgba(0,0,0,0)&#8220; button_two_bg_color__hover_enabled=&#8220;on&#8220; button_two_bg_color__hover=&#8220;rgba(0,0,0,0)&#8220;]<blockquote>\n<p><em>St\u00f6bern Sie ein wenig in unserem Ratgeber und informieren Sie sich \u00fcber die f\u00fcr Sie relevanten Themen.<\/em><\/p>\n<\/blockquote>[\/et_pb_fullwidth_header][\/et_pb_section][et_pb_section fb_built=&#8220;1&#8243; admin_label=&#8220;Blog&#8220; _builder_version=&#8220;3.22.3&#8243; custom_padding=&#8220;100px|0px|100px|0px&#8220;][et_pb_row _builder_version=&#8220;3.25&#8243; max_width=&#8220;1440px&#8220; use_custom_width=&#8220;on&#8220; custom_width_px=&#8220;1440px&#8220; column_structure=&#8220;2_3,1_3&#8243;][et_pb_column type=&#8220;2_3&#8243; _builder_version=&#8220;3.25&#8243; custom_padding=&#8220;|||&#8220; custom_padding__hover=&#8220;|||&#8220;][et_pb_blog fullwidth=&#8220;off&#8220; posts_number=&#8220;1000&#8243; include_categories=&#8220;all&#8220; show_author=&#8220;off&#8220; show_date=&#8220;off&#8220; show_categories=&#8220;off&#8220; show_pagination=&#8220;off&#8220; _builder_version=&#8220;3.23.3&#8243; header_font=&#8220;Open Sans|700|||||||&#8220; header_font_size=&#8220;22px&#8220; header_line_height=&#8220;1.4em&#8220; body_font=&#8220;Open Sans||||||||&#8220; body_font_size=&#8220;16px&#8220; body_line_height=&#8220;2em&#8220; meta_font=&#8220;Open Sans|600||on|||||&#8220; meta_text_color=&#8220;#2da8ef&#8220; meta_font_size=&#8220;12px&#8220; meta_letter_spacing=&#8220;1px&#8220; meta_line_height=&#8220;2em&#8220; pagination_font=&#8220;Open Sans|600||on|||||&#8220; pagination_text_color=&#8220;#2da8ef&#8220; pagination_font_size=&#8220;16px&#8220; pagination_letter_spacing=&#8220;1px&#8220; pagination_line_height=&#8220;2em&#8220; border_width_all=&#8220;0px&#8220; box_shadow_style=&#8220;preset3&#8243; box_shadow_vertical=&#8220;15px&#8220; box_shadow_blur=&#8220;80px&#8220; box_shadow_color=&#8220;rgba(0,0,0,0.2)&#8220; text_orientation=&#8220;center&#8220; custom_margin=&#8220;-200px|||&#8220; custom_padding=&#8220;|||&#8220; custom_padding_phone=&#8220;|40px||40px&#8220; custom_padding_last_edited=&#8220;off|desktop&#8220; animation_style=&#8220;slide&#8220; animation_direction=&#8220;bottom&#8220; animation_intensity_slide=&#8220;3%&#8220; animation_starting_opacity=&#8220;100%&#8220;][\/et_pb_blog][\/et_pb_column][et_pb_column type=&#8220;1_3&#8243; _builder_version=&#8220;3.25&#8243; custom_padding=&#8220;|||&#8220; custom_padding__hover=&#8220;|||&#8220;][et_pb_sidebar _builder_version=&#8220;3.0.99&#8243; header_font=&#8220;Poppins|600||on|||||&#8220; header_font_size=&#8220;14px&#8220; header_letter_spacing=&#8220;1px&#8220; header_line_height=&#8220;1.8em&#8220; body_font=&#8220;Poppins||||||||&#8220; body_line_height=&#8220;2em&#8220; border_style_all=&#8220;none&#8220; custom_padding=&#8220;|||&#8220; custom_padding_tablet=&#8220;|||0px&#8220; custom_padding_last_edited=&#8220;off|desktop&#8220;][\/et_pb_sidebar][\/et_pb_column][\/et_pb_row][\/et_pb_section][et_pb_section fb_built=&#8220;1&#8243; _builder_version=&#8220;3.23.3&#8243; use_background_color_gradient=&#8220;on&#8220; background_color_gradient_start=&#8220;#aaaaaa&#8220; background_color_gradient_end=&#8220;#ffffff&#8220; global_module=&#8220;2026&#8243;][et_pb_row column_structure=&#8220;1_2,1_2&#8243; _builder_version=&#8220;3.25&#8243;][et_pb_column type=&#8220;1_2&#8243; _builder_version=&#8220;3.0.47&#8243; custom_padding=&#8220;|||&#8220; custom_padding__hover=&#8220;|||&#8220;][et_pb_image src=&#8220;https:\/\/completa-hausverwaltung.de\/wp-content\/uploads\/2019\/02\/shutterstock_594829253.jpg&#8220; align_tablet=&#8220;center&#8220; align_last_edited=&#8220;on|desktop&#8220; _builder_version=&#8220;3.23&#8243;][\/et_pb_image][\/et_pb_column][et_pb_column type=&#8220;1_2&#8243; _builder_version=&#8220;3.0.47&#8243; custom_padding=&#8220;|||&#8220; custom_padding__hover=&#8220;|||&#8220;][et_pb_text _builder_version=&#8220;3.23.3&#8243;]<h2>Wir beantworten Ihre Fragen<\/h2>\n<p>Sie haben Fachfragen und w\u00fcrden diese gerne beantwortet haben? Dann schreiben Sie uns jetzt eine Nachricht! Einer unserer Experten k\u00fcmmert sich umgehend um Ihr Anliegen.<\/p>[\/et_pb_text][et_pb_contact_form email=&#8220;info@completa-hausverwaltung.de&#8220; custom_message=&#8220;Neue Anfrage \u00fcber completa-hausverwaltung.de!||et_pb_line_break_holder||||et_pb_line_break_holder||Kontaktdaten:||et_pb_line_break_holder||||et_pb_line_break_holder||Anrede:||et_pb_line_break_holder||Herr\/Frau %%tel-name%%||et_pb_line_break_holder||||et_pb_line_break_holder||E-Mail-Adresse:||et_pb_line_break_holder||%%tel-email%%||et_pb_line_break_holder||||et_pb_line_break_holder||Betreff:||et_pb_line_break_holder||%%tel-betreff%%||et_pb_line_break_holder||||et_pb_line_break_holder||Nachricht:||et_pb_line_break_holder||%%tel-nachricht%%||et_pb_line_break_holder||||et_pb_line_break_holder||Diese Nachricht wurde von einem Kontaktformular auf completa-hausverwaltung.de generiert.&#8220; success_message=&#8220;Vielen Dank! Wir melden uns schnellstm\u00f6glich bei Ihnen zur\u00fcck!&#8220; submit_button_text=&#8220;R\u00fcckruf vereinbaren&#8220; module_class=&#8220;message-us-form&#8220; _builder_version=&#8220;3.25.3&#8243; form_field_background_color=&#8220;#ffffff&#8220; custom_button=&#8220;on&#8220; button_text_color=&#8220;#ffffff&#8220; button_bg_color=&#8220;#2da8ef&#8220; button_border_color=&#8220;#2da8ef&#8220; button_border_radius=&#8220;0px&#8220; button_icon_color=&#8220;#ffffff&#8220; button_custom_margin=&#8220;16px||&#8220; z_index_tablet=&#8220;500&#8243; title_text_shadow_horizontal_length_tablet=&#8220;0px&#8220; title_text_shadow_vertical_length_tablet=&#8220;0px&#8220; title_text_shadow_blur_strength_tablet=&#8220;1px&#8220; captcha_text_shadow_horizontal_length_tablet=&#8220;0px&#8220; captcha_text_shadow_vertical_length_tablet=&#8220;0px&#8220; captcha_text_shadow_blur_strength_tablet=&#8220;1px&#8220; form_field_text_shadow_horizontal_length_tablet=&#8220;0px&#8220; form_field_text_shadow_vertical_length_tablet=&#8220;0px&#8220; form_field_text_shadow_blur_strength_tablet=&#8220;1px&#8220; button_text_shadow_horizontal_length_tablet=&#8220;0px&#8220; button_text_shadow_vertical_length_tablet=&#8220;0px&#8220; button_text_shadow_blur_strength_tablet=&#8220;1px&#8220; box_shadow_horizontal_tablet=&#8220;0px&#8220; box_shadow_vertical_tablet=&#8220;0px&#8220; box_shadow_blur_tablet=&#8220;40px&#8220; box_shadow_spread_tablet=&#8220;0px&#8220; box_shadow_horizontal_button_tablet=&#8220;0px&#8220; box_shadow_vertical_button_tablet=&#8220;0px&#8220; box_shadow_blur_button_tablet=&#8220;40px&#8220; box_shadow_spread_button_tablet=&#8220;0px&#8220; text_shadow_horizontal_length_tablet=&#8220;0px&#8220; text_shadow_vertical_length_tablet=&#8220;0px&#8220; text_shadow_blur_strength_tablet=&#8220;1px&#8220; form_background_color=&#8220;#ffffff&#8220; button_text_color__hover_enabled=&#8220;on&#8220; box_shadow_color_button__hover_enabled=&#8220;on&#8220; button_text_color__hover=&#8220;#ffffff&#8220;][et_pb_contact_field field_id=&#8220;tel-name&#8220; field_title=&#8220;Name&#8220; allowed_symbols=&#8220;letters&#8220; fullwidth_field=&#8220;on&#8220; _builder_version=&#8220;3.25.3&#8243; form_field_background_color=&#8220;#ffffff&#8220; form_field_font=&#8220;||||||||&#8220; field_background_color=&#8220;#ffffff&#8220;][\/et_pb_contact_field][et_pb_contact_field field_id=&#8220;tel-email&#8220; field_title=&#8220;E-Mail-Adresse&#8220; field_type=&#8220;email&#8220; fullwidth_field=&#8220;on&#8220; _builder_version=&#8220;3.25.3&#8243; form_field_text_shadow_horizontal_length_tablet=&#8220;0px&#8220; form_field_text_shadow_horizontal_length_phone=&#8220;0px&#8220; form_field_text_shadow_vertical_length_tablet=&#8220;0px&#8220; form_field_text_shadow_vertical_length_phone=&#8220;0px&#8220; form_field_text_shadow_blur_strength_tablet=&#8220;1px&#8220; form_field_text_shadow_blur_strength_phone=&#8220;1px&#8220; background_color_gradient_direction_tablet=&#8220;180deg&#8220; background_color_gradient_direction_phone=&#8220;180deg&#8220; background_color_gradient_start_position_tablet=&#8220;0%&#8220; background_color_gradient_start_position_phone=&#8220;0%&#8220; background_color_gradient_end_position_tablet=&#8220;100%&#8220; background_color_gradient_end_position_phone=&#8220;100%&#8220; box_shadow_horizontal_tablet=&#8220;0px&#8220; box_shadow_horizontal_phone=&#8220;0px&#8220; box_shadow_vertical_tablet=&#8220;0px&#8220; box_shadow_vertical_phone=&#8220;0px&#8220; box_shadow_blur_tablet=&#8220;40px&#8220; box_shadow_blur_phone=&#8220;40px&#8220; box_shadow_spread_tablet=&#8220;0px&#8220; box_shadow_spread_phone=&#8220;0px&#8220; hover_transition_duration_tablet=&#8220;300ms&#8220; hover_transition_duration_phone=&#8220;300ms&#8220; hover_transition_delay_tablet=&#8220;0ms&#8220; hover_transition_delay_phone=&#8220;0ms&#8220;][\/et_pb_contact_field][et_pb_contact_field field_id=&#8220;tel-betreff&#8220; field_title=&#8220;Betreff&#8220; fullwidth_field=&#8220;on&#8220; _builder_version=&#8220;3.25.3&#8243;][\/et_pb_contact_field][et_pb_contact_field field_id=&#8220;tel-nachricht&#8220; field_title=&#8220;Nachricht&#8220; field_type=&#8220;text&#8220; fullwidth_field=&#8220;on&#8220; _builder_version=&#8220;3.25.3&#8243;][\/et_pb_contact_field][et_pb_contact_field field_id=&#8220;tel-datenschutz&#8220; field_title=&#8220;Datenschutzerkl\u00e4rung:&#8220; field_type=&#8220;checkbox&#8220; checkbox_options=&#8220;%91{%22value%22:%22Datenschutzerkl\u00e4rung gelesen und akzeptiert%22,%22checked%22:0,%22dragID%22:-1,%22link_url%22:%22https:\/\/klick-boost.de\/completa-immobilien\/index.php\/rechtliches\/datenschutzerklaerung\/%22,%22link_text%22:%22%22}%93&#8243; fullwidth_field=&#8220;on&#8220; _builder_version=&#8220;3.25.3&#8243;][\/et_pb_contact_field][et_pb_contact_field field_id=&#8220;tel-datenschutzhinweis&#8220; field_title=&#8220;Datenschutzhinweis:&#8220; field_type=&#8220;checkbox&#8220; checkbox_options=&#8220;%91{%22value%22:%22Mit dem vorstehenden Kontaktformular k\u00f6nnen Sie an uns eine Anfrage richten. Die von Ihnen eingegebenen Daten werden \u00fcber unseren Providerserver per E-Mail an uns weitergeleitet und k\u00f6nnen nach erfolgloser Abwicklung auf Wunsch gel\u00f6scht werden, sofern keine gesetzlichen Aufbewahrungspflichten dem entgegenstehen. Eine Nutzung zu einem anderen Zweck als der von Ihnen bestimmte oder eine Datenweitergabe an Dritte findet nicht statt.%22,%22checked%22:0,%22dragID%22:-1}%93&#8243; required_mark=&#8220;off&#8220; fullwidth_field=&#8220;on&#8220; _builder_version=&#8220;3.25.3&#8243;][\/et_pb_contact_field][\/et_pb_contact_form][\/et_pb_column][\/et_pb_row][\/et_pb_section][et_pb_section fb_built=&#8220;1&#8243; _builder_version=&#8220;3.22.3&#8243; saved_tabs=&#8220;all&#8220; global_module=&#8220;2120&#8243;][et_pb_row column_structure=&#8220;1_4,1_4,1_4,1_4&#8243; _builder_version=&#8220;3.25&#8243;][et_pb_column type=&#8220;1_4&#8243; _builder_version=&#8220;3.25&#8243; custom_padding=&#8220;|||&#8220; custom_padding__hover=&#8220;|||&#8220;][et_pb_text _builder_version=&#8220;3.19.11&#8243; text_font=&#8220;||||||||&#8220; text_text_color=&#8220;#2da8ef&#8220; border_color_all=&#8220;#0dbde0&#8243; border_width_bottom=&#8220;2px&#8220; border_color_bottom=&#8220;#2da8ef&#8220;]<h2>Hier finden Sie uns<\/h2>\n<p>&nbsp;<\/p>[\/et_pb_text][et_pb_text _builder_version=&#8220;3.25.3&#8243; text_font=&#8220;||||||||&#8220; header_font=&#8220;||||||||&#8220; header_3_font=&#8220;||||||||&#8220; header_3_text_align=&#8220;left&#8220; header_3_font_size=&#8220;25px&#8220; custom_padding=&#8220;|||&#8220; custom_css_before=&#8220;border-bottom: 1px solid orange;&#8220;]<p><strong>Adresse<br \/> <\/strong>Karl-Marx-Str. 133a<br \/>12529 Sch\u00f6nefeld OT Gro\u00dfziethen<\/p>\n<p><strong>\u00d6ffnungszeiten<br \/> <\/strong>Montag bis Freitag: 9-18 Uhr<\/p>\n<div class=\"col-md-4 col-lg-4\">\n<aside id=\"text-2\" class=\"cols-4 widget-column-1 widget_text footercont\">\n<div class=\"textwidget\">\n<p>Samstag, Sonntag und au\u00dferhalb der Gesch\u00e4ftszeiten nur nach Vereinbarung<\/p>\n<\/div>\n<\/aside>\n<\/div>[\/et_pb_text][\/et_pb_column][et_pb_column type=&#8220;1_4&#8243; _builder_version=&#8220;3.25&#8243; custom_padding=&#8220;|||&#8220; custom_padding__hover=&#8220;|||&#8220;][et_pb_text _builder_version=&#8220;3.19.11&#8243; text_font=&#8220;||||||||&#8220; text_text_color=&#8220;#2da8ef&#8220; border_color_all=&#8220;#0dbde0&#8243; border_width_bottom=&#8220;2px&#8220; border_color_bottom=&#8220;#2da8ef&#8220;]<h2>Kontakt | E-Mail<\/h2>\n<p>&nbsp;<\/p>[\/et_pb_text][et_pb_text _builder_version=&#8220;3.19.11&#8243;]<p><b>Tel.\u00a0<\/b>+49 (0)30 | 6260 8100<\/p>\n<p><a href=\"https:\/\/completa-hausverwaltung.de\/index.php\/kontakt\/\"><strong>E-Mail senden<\/strong><\/a><\/p>\n<p><a href=\"https:\/\/completa-hausverwaltung.de\/index.php\/widerrufsrecht\/\"><strong>Widerrufsrecht | Formular<\/strong><\/a><\/p>\n<p><a href=\"https:\/\/completa-hausverwaltung.de\/index.php\/offene-stellen\/\"><strong>Karriere | Offene Stellen<\/strong><\/a><\/p>\n<p><strong><a href=\"https:\/\/completa-hausverwaltung.de\/index.php\/praktikumsplaetze\/\">Karriere | Praktikumspl\u00e4tze<\/a><\/strong><\/p>[\/et_pb_text][\/et_pb_column][et_pb_column type=&#8220;1_4&#8243; _builder_version=&#8220;3.25&#8243; custom_padding=&#8220;|||&#8220; custom_padding__hover=&#8220;|||&#8220;][et_pb_text _builder_version=&#8220;3.19.11&#8243; text_font=&#8220;||||||||&#8220; header_font=&#8220;||||||||&#8220; border_color_all=&#8220;#2da8ef&#8220; border_width_bottom=&#8220;2px&#8220;]<h2>Verbraucher-informationen<\/h2>[\/et_pb_text][et_pb_text _builder_version=&#8220;3.25.3&#8243;]<p><b>Tel.\u00a0<\/b>+49 (0)3378 | 4490 313<\/p>\n<p><a href=\"https:\/\/completa-hausverwaltung.de\/index.php\/agb\/\"><strong>AGB<\/strong><\/a><\/p>\n<p><a href=\"https:\/\/completa-hausverwaltung.de\/index.php\/haftung\/\"><strong>Haftung<\/strong><\/a><\/p>\n<p><a href=\"https:\/\/completa-hausverwaltung.de\/index.php\/impressum\/\"><strong>Impressum<\/strong><\/a><\/p>\n<p><a href=\"https:\/\/completa-hausverwaltung.de\/index.php\/datenschutzerklaerung\/\"><strong><\/strong><\/a><a href=\"https:\/\/completa-hausverwaltung.de\/index.php\/datenschutzerklaerung\/\" title=\"Datenschutz |\"><strong>Datenschutz |<\/strong><strong> <\/strong><\/a><a href=\"https:\/\/dsgvo-gesetz.de\/\" target=\"_blank\" rel=\"noopener noreferrer\" title=\"EU-DSGVO\"><strong>EU-DSGVO<\/strong><strong><\/strong><\/a><\/p>\n<p><a href=\"https:\/\/completa-hausverwaltung.de\/index.php\/widerrufsrecht\/\"><strong>Widerrufsrecht f\u00fcr Verbraucher<\/strong><\/a><\/p>[\/et_pb_text][\/et_pb_column][et_pb_column type=&#8220;1_4&#8243; _builder_version=&#8220;3.25&#8243; custom_padding=&#8220;|||&#8220; custom_padding__hover=&#8220;|||&#8220;][et_pb_text _builder_version=&#8220;3.19.11&#8243; text_font=&#8220;||||||||&#8220; text_text_color=&#8220;#2da8ef&#8220; border_color_all=&#8220;#2da8ef&#8220; border_width_bottom=&#8220;2px&#8220;]<h2>Newsletter<\/h2>\n<p>&nbsp;<\/p>[\/et_pb_text][et_pb_contact_form captcha=&#8220;off&#8220; success_message=&#8220;Vielen Dank f\u00fcr das Newsletterabonnement. Sie k\u00f6nnen den Newsletter zu jederzeit wieder abstellen.&#8220; submit_button_text=&#8220;Newsletter abonnieren&#8220; _builder_version=&#8220;3.23&#8243; form_field_background_color=&#8220;rgba(216,216,216,0.69)&#8220; title_font=&#8220;||||||||&#8220; form_field_font=&#8220;||||||||&#8220; form_field_text_align=&#8220;left&#8220; form_field_line_height=&#8220;1em&#8220; custom_button=&#8220;on&#8220; button_text_size=&#8220;16px&#8220; button_text_color=&#8220;#ffffff&#8220; button_bg_color=&#8220;#2da8ef&#8220; button_bg_color_gradient_start=&#8220;#ffffff&#8220; button_bg_color_gradient_end=&#8220;#ffffff&#8220; button_bg_color_gradient_direction_radial=&#8220;top left&#8220; button_bg_color_gradient_end_position=&#8220;0%&#8220; button_border_width=&#8220;2px&#8220; button_border_color=&#8220;#2da8ef&#8220; button_border_radius=&#8220;0px&#8220; button_font=&#8220;Open Sans|600|||||||&#8220; button_use_icon=&#8220;off&#8220; box_shadow_style_button=&#8220;preset2&#8243; box_shadow_blur_button=&#8220;22px&#8220; box_shadow_spread_button=&#8220;-1px&#8220; box_shadow_color_button=&#8220;#2da8ef&#8220; text_orientation=&#8220;left&#8220; max_width=&#8220;95%&#8220; module_alignment=&#8220;left&#8220; custom_margin=&#8220;|||&#8220; custom_css_main_element=&#8220;text-align: center;&#8220; custom_css_contact_button=&#8220;text-align: center;||margin-top: 10px;||width: 100%;||margin-left:0!important;||margin-right:0;&#8220; form_background_color=&#8220;rgba(216,216,216,0.69)&#8220; form_background_color__hover_enabled=&#8220;on&#8220; form_background_color__hover=&#8220;#d6d6d6&#8243; button_text_color__hover_enabled=&#8220;on&#8220; button_text_color__hover=&#8220;#ffffff&#8220; form_field_background_color__hover_enabled=&#8220;on&#8220; form_field_background_color__hover=&#8220;#d6d6d6&#8243;][et_pb_contact_field field_id=&#8220;newsletter-email&#8220; field_title=&#8220;E-Mail Adresse&#8220; field_type=&#8220;email&#8220; fullwidth_field=&#8220;on&#8220; _builder_version=&#8220;3.18.4&#8243; border_radii=&#8220;|10px|10px|10px|10px&#8220; border_width_all=&#8220;1px&#8220; border_color_all=&#8220;#999999&#8243;][\/et_pb_contact_field][\/et_pb_contact_form][\/et_pb_column][\/et_pb_row][\/et_pb_section]\n","protected":false},"excerpt":{"rendered":"","protected":false},"author":1,"featured_media":0,"parent":0,"menu_order":0,"comment_status":"closed","ping_status":"closed","template":"","meta":{"_et_pb_use_builder":"on","_et_pb_old_content":""},"yoast_head":"<!-- This site is optimized with the Yoast SEO plugin v16.0.1 - https:\/\/yoast.com\/wordpress\/plugins\/seo\/ -->\n<title>Ratgeber zum Thema Haus- \/ Mietverwaltung - Completa Immobilien<\/title>\n<meta name=\"description\" content=\"Entdecken Sie unseren Ratgeber und erhalten Sie n\u00fctzliche Informationen rund um die Haus- \/ Mietverwaltung \u2705 Wir sind Ihr professioneller Ansprechpartner!\" \/>\n<link rel=\"canonical\" href=\"https:\/\/completa-hausverwaltung.de\/index.php\/haus-mietverwaltung-allgemeines\/\" \/>\n<meta property=\"og:locale\" content=\"de_DE\" \/>\n<meta property=\"og:type\" content=\"article\" \/>\n<meta property=\"og:title\" content=\"Ratgeber zum Thema Haus- \/ Mietverwaltung - Completa Immobilien\" \/>\n<meta property=\"og:description\" content=\"Entdecken Sie unseren Ratgeber und erhalten Sie n\u00fctzliche Informationen rund um die Haus- \/ Mietverwaltung \u2705 Wir sind Ihr professioneller Ansprechpartner!\" \/>\n<meta property=\"og:url\" content=\"https:\/\/completa-hausverwaltung.de\/index.php\/haus-mietverwaltung-allgemeines\/\" \/>\n<meta property=\"og:site_name\" content=\"Completa Hausverwaltung\" \/>\n<meta property=\"article:modified_time\" content=\"2020-07-02T12:07:06+00:00\" \/>\n<meta name=\"twitter:card\" content=\"summary_large_image\" \/>\n<meta name=\"twitter:label1\" content=\"Gesch\u00e4tzte Lesezeit\">\n\t<meta name=\"twitter:data1\" content=\"10\u00a0Minuten\">\n<script type=\"application\/ld+json\" class=\"yoast-schema-graph\">{\"@context\":\"https:\/\/schema.org\",\"@graph\":[{\"@type\":\"WebSite\",\"@id\":\"https:\/\/completa-hausverwaltung.de\/#website\",\"url\":\"https:\/\/completa-hausverwaltung.de\/\",\"name\":\"Completa Hausverwaltung\",\"description\":\"\",\"potentialAction\":[{\"@type\":\"SearchAction\",\"target\":\"https:\/\/completa-hausverwaltung.de\/?s={search_term_string}\",\"query-input\":\"required name=search_term_string\"}],\"inLanguage\":\"de\"},{\"@type\":\"WebPage\",\"@id\":\"https:\/\/completa-hausverwaltung.de\/index.php\/haus-mietverwaltung-allgemeines\/#webpage\",\"url\":\"https:\/\/completa-hausverwaltung.de\/index.php\/haus-mietverwaltung-allgemeines\/\",\"name\":\"Ratgeber zum Thema Haus- \/ Mietverwaltung - Completa Immobilien\",\"isPartOf\":{\"@id\":\"https:\/\/completa-hausverwaltung.de\/#website\"},\"datePublished\":\"2019-02-03T14:04:11+00:00\",\"dateModified\":\"2020-07-02T12:07:06+00:00\",\"description\":\"Entdecken Sie unseren Ratgeber und erhalten Sie n\\u00fctzliche Informationen rund um die Haus- \/ Mietverwaltung \\u2705 Wir sind Ihr professioneller Ansprechpartner!\",\"breadcrumb\":{\"@id\":\"https:\/\/completa-hausverwaltung.de\/index.php\/haus-mietverwaltung-allgemeines\/#breadcrumb\"},\"inLanguage\":\"de\",\"potentialAction\":[{\"@type\":\"ReadAction\",\"target\":[\"https:\/\/completa-hausverwaltung.de\/index.php\/haus-mietverwaltung-allgemeines\/\"]}]},{\"@type\":\"BreadcrumbList\",\"@id\":\"https:\/\/completa-hausverwaltung.de\/index.php\/haus-mietverwaltung-allgemeines\/#breadcrumb\",\"itemListElement\":[{\"@type\":\"ListItem\",\"position\":1,\"item\":{\"@type\":\"WebPage\",\"@id\":\"https:\/\/completa-hausverwaltung.de\/\",\"url\":\"https:\/\/completa-hausverwaltung.de\/\",\"name\":\"Startseite\"}},{\"@type\":\"ListItem\",\"position\":2,\"item\":{\"@type\":\"WebPage\",\"@id\":\"https:\/\/completa-hausverwaltung.de\/index.php\/haus-mietverwaltung-allgemeines\/\",\"url\":\"https:\/\/completa-hausverwaltung.de\/index.php\/haus-mietverwaltung-allgemeines\/\",\"name\":\"Haus- \/ Mietverwaltung (Allgemeines)\"}}]}]}<\/script>\n<!-- \/ Yoast SEO plugin. -->","_links":{"self":[{"href":"https:\/\/completa-hausverwaltung.de\/index.php\/wp-json\/wp\/v2\/pages\/135"}],"collection":[{"href":"https:\/\/completa-hausverwaltung.de\/index.php\/wp-json\/wp\/v2\/pages"}],"about":[{"href":"https:\/\/completa-hausverwaltung.de\/index.php\/wp-json\/wp\/v2\/types\/page"}],"author":[{"embeddable":true,"href":"https:\/\/completa-hausverwaltung.de\/index.php\/wp-json\/wp\/v2\/users\/1"}],"replies":[{"embeddable":true,"href":"https:\/\/completa-hausverwaltung.de\/index.php\/wp-json\/wp\/v2\/comments?post=135"}],"version-history":[{"count":16,"href":"https:\/\/completa-hausverwaltung.de\/index.php\/wp-json\/wp\/v2\/pages\/135\/revisions"}],"predecessor-version":[{"id":2154,"href":"https:\/\/completa-hausverwaltung.de\/index.php\/wp-json\/wp\/v2\/pages\/135\/revisions\/2154"}],"wp:attachment":[{"href":"https:\/\/completa-hausverwaltung.de\/index.php\/wp-json\/wp\/v2\/media?parent=135"}],"curies":[{"name":"wp","href":"https:\/\/api.w.org\/{rel}","templated":true}]}}